{"id":139,"date":"2021-12-30T14:13:20","date_gmt":"2021-12-30T13:13:20","guid":{"rendered":"https:\/\/www.lesterresdelouise.fr\/?page_id=139"},"modified":"2022-01-10T12:43:26","modified_gmt":"2022-01-10T11:43:26","slug":"les-matieres-naturelles","status":"publish","type":"page","link":"https:\/\/www.lesterresdelouise.fr\/?page_id=139","title":{"rendered":"Mati\u00e8res naturelles"},"content":{"rendered":"\n<p class=\"has-text-align-center\">Les Terres de Louise, c&rsquo;est avant tout des mati\u00e8res naturelles, par soucis d&rsquo;\u00e9cologie mais aussi pour notre sant\u00e9.<\/p>\n\n\n\n<p class=\"has-text-align-center\">Et quoi de mieux que la <strong>terre<\/strong> !<\/p>\n\n\n\n<p><\/p>\n\n\n\n<div style=\"height:51px\" aria-hidden=\"true\" class=\"wp-block-spacer\"><\/div>\n\n\n\n<p class=\"has-text-align-center\">Bonne d\u00e9couverte des diff\u00e9rentes pages de pr\u00e9sentation de ces mati\u00e8res<\/p>\n\n\n\n<div style=\"height:22px\" aria-hidden=\"true\" class=\"wp-block-spacer\"><\/div>\n\n\n\n<div class=\"wp-block-buttons is-content-justification-center is-layout-flex wp-block-buttons-is-layout-flex\">\n<div class=\"wp-block-button\"><a class=\"wp-block-button__link has-sitebg-color has-accent-1-background-color has-text-color has-background\" href=\"https:\/\/www.lesterresdelouise.fr\/?page_id=369\" style=\"border-radius:50px\">Terre<\/a><\/div>\n\n\n\n<div class=\"wp-block-button\"><a class=\"wp-block-button__link has-accent-1-background-color has-background\" href=\"https:\/\/www.lesterresdelouise.fr\/?page_id=371\" style=\"border-radius:50px\">Chaux<\/a><\/div>\n\n\n\n<div class=\"wp-block-button\"><a class=\"wp-block-button__link has-accent-1-background-color has-background\" href=\"https:\/\/www.lesterresdelouise.fr\/?page_id=372\" style=\"border-radius:50px\">Pl\u00e2tre<\/a><\/div>\n<\/div>\n\n\n\n<p><\/p>\n\n\n\n<p><\/p>\n","protected":false},"excerpt":{"rendered":"<p>Les Terres de Louise, c&rsquo;est avant tout des mati\u00e8res naturelles, par soucis d&rsquo;\u00e9cologie mais aussi pour notre sant\u00e9. Et quoi de mieux que la terre &hellip;<\/p>\n","protected":false},"author":1,"featured_media":0,"parent":0,"menu_order":0,"comment_status":"closed","ping_status":"closed","template":"","meta":{"footnotes":""},"class_list":["post-139","page","type-page","status-publish","hentry"],"_links":{"self":[{"href":"https:\/\/www.lesterresdelouise.fr\/index.php?rest_route=\/wp\/v2\/pages\/139","targetHints":{"allow":["GET"]}}],"collection":[{"href":"https:\/\/www.lesterresdelouise.fr\/index.php?rest_route=\/wp\/v2\/pages"}],"about":[{"href":"https:\/\/www.lesterresdelouise.fr\/index.php?rest_route=\/wp\/v2\/types\/page"}],"author":[{"embeddable":true,"href":"https:\/\/www.lesterresdelouise.fr\/index.php?rest_route=\/wp\/v2\/users\/1"}],"replies":[{"embeddable":true,"href":"https:\/\/www.lesterresdelouise.fr\/index.php?rest_route=%2Fwp%2Fv2%2Fcomments&post=139"}],"version-history":[{"count":6,"href":"https:\/\/www.lesterresdelouise.fr\/index.php?rest_route=\/wp\/v2\/pages\/139\/revisions"}],"predecessor-version":[{"id":399,"href":"https:\/\/www.lesterresdelouise.fr\/index.php?rest_route=\/wp\/v2\/pages\/139\/revisions\/399"}],"wp:attachment":[{"href":"https:\/\/www.lesterresdelouise.fr\/index.php?rest_route=%2Fwp%2Fv2%2Fmedia&parent=139"}],"curies":[{"name":"wp","href":"https:\/\/api.w.org\/{rel}","templated":true}]}}