{"id":236,"date":"2022-01-05T17:28:42","date_gmt":"2022-01-05T16:28:42","guid":{"rendered":"https:\/\/www.lesterresdelouise.fr\/?page_id=236"},"modified":"2022-01-12T15:26:37","modified_gmt":"2022-01-12T14:26:37","slug":"realisations","status":"publish","type":"page","link":"https:\/\/www.lesterresdelouise.fr\/?page_id=236","title":{"rendered":"R\u00e9alisations"},"content":{"rendered":"\n<p class=\"has-text-align-center\">Si vous voulez voir des photos de mes r\u00e9alisations, choisissez la mati\u00e8re qui vous int\u00e9resse et cliquez sur le lien !<\/p>\n\n\n\n<p class=\"has-text-align-center\">\u00b7 Bonne d\u00e9couverte \u00b7<\/p>\n\n\n\n<div class=\"wp-block-buttons alignwide is-content-justification-center is-layout-flex wp-block-buttons-is-layout-flex\">\n<div class=\"wp-block-button\"><a class=\"wp-block-button__link has-accent-1-background-color has-background\" href=\"https:\/\/www.lesterresdelouise.fr\/?page_id=237\" style=\"border-radius:50px\"><strong>Terre<\/strong><\/a><\/div>\n\n\n\n<div class=\"wp-block-button\"><a class=\"wp-block-button__link has-accent-1-background-color has-background\" href=\"https:\/\/www.lesterresdelouise.fr\/?page_id=239\" style=\"border-radius:50px\"><strong>Chaux<\/strong><\/a><\/div>\n\n\n\n<div class=\"wp-block-button\"><a class=\"wp-block-button__link has-accent-1-background-color has-background\" href=\"https:\/\/www.lesterresdelouise.fr\/?page_id=239\" style=\"border-radius:50px\"><strong>Mati\u00e8res, textures, couleurs<\/strong><\/a><\/div>\n\n\n\n<div class=\"wp-block-button\"><a class=\"wp-block-button__link has-accent-1-background-color has-background\" href=\"https:\/\/www.lesterresdelouise.fr\/?page_id=240\" style=\"border-radius:50px\"><strong>D\u00e9cors, volumes<\/strong><\/a><\/div>\n<\/div>\n\n\n\n<p><\/p>\n","protected":false},"excerpt":{"rendered":"<p>Si vous voulez voir des photos de mes r\u00e9alisations, choisissez la mati\u00e8re qui vous int\u00e9resse et cliquez sur le lien ! \u00b7 Bonne d\u00e9couverte \u00b7<\/p>\n","protected":false},"author":1,"featured_media":0,"parent":0,"menu_order":0,"comment_status":"closed","ping_status":"closed","template":"","meta":{"footnotes":""},"class_list":["post-236","page","type-page","status-publish","hentry"],"_links":{"self":[{"href":"https:\/\/www.lesterresdelouise.fr\/index.php?rest_route=\/wp\/v2\/pages\/236","targetHints":{"allow":["GET"]}}],"collection":[{"href":"https:\/\/www.lesterresdelouise.fr\/index.php?rest_route=\/wp\/v2\/pages"}],"about":[{"href":"https:\/\/www.lesterresdelouise.fr\/index.php?rest_route=\/wp\/v2\/types\/page"}],"author":[{"embeddable":true,"href":"https:\/\/www.lesterresdelouise.fr\/index.php?rest_route=\/wp\/v2\/users\/1"}],"replies":[{"embeddable":true,"href":"https:\/\/www.lesterresdelouise.fr\/index.php?rest_route=%2Fwp%2Fv2%2Fcomments&post=236"}],"version-history":[{"count":5,"href":"https:\/\/www.lesterresdelouise.fr\/index.php?rest_route=\/wp\/v2\/pages\/236\/revisions"}],"predecessor-version":[{"id":464,"href":"https:\/\/www.lesterresdelouise.fr\/index.php?rest_route=\/wp\/v2\/pages\/236\/revisions\/464"}],"wp:attachment":[{"href":"https:\/\/www.lesterresdelouise.fr\/index.php?rest_route=%2Fwp%2Fv2%2Fmedia&parent=236"}],"curies":[{"name":"wp","href":"https:\/\/api.w.org\/{rel}","templated":true}]}}