{"id":240,"date":"2022-01-05T17:28:42","date_gmt":"2022-01-05T16:28:42","guid":{"rendered":"https:\/\/www.lesterresdelouise.fr\/?page_id=240"},"modified":"2023-12-08T12:11:53","modified_gmt":"2023-12-08T11:11:53","slug":"decors","status":"publish","type":"page","link":"https:\/\/www.lesterresdelouise.fr\/?page_id=240","title":{"rendered":"D\u00e9cors, volumes"},"content":{"rendered":"\n<p class=\"has-text-align-center\" style=\"font-size:18px\">Voici un petit aper\u00e7u de diff\u00e9rents d\u00e9cors et volumes !<\/p>\n\n\n\n<p class=\"has-text-align-center\" style=\"font-size:18px\">\u00b7 Bonne d\u00e9couverte \u00b7<\/p>\n\n\n\n<!-- Final Tiles Grid Gallery for WordPress v3.6.13 free --><style>#ftg-44 .tile .icon { color:#ffffff; }#ftg-44 .ftg-items .loading-bar i { background:#666; }#ftg-44 .ftg-items .loading-bar { background:#fff; }#ftg-44 .tile .icon { font-size:12px; }#ftg-44 .tile .icon { margin: -6px 0 0 -6px; }#ftg-44 .tile .caption-block .text-wrapper span.text { font-size:12px; }#ftg-44 .tile .caption-outside .text-wrapper span.text { font-size:12px; }#ftg-44 .tile .caption-block .text-wrapper span.title { font-size:14px; }#ftg-44 .tile .caption-outside .text-wrapper span.title { font-size:14px; }#ftg-44 .tile { background-color: transparent; }#ftg-44 .tile .caption-block .text-wrapper span.text { color: #ffffff; }#ftg-44 .tile .caption-block .text-wrapper span.title { color: #ffffff; }#ftg-44 .tile .caption-outside .text-wrapper span.text { color: #ffffff; }#ftg-44 .tile .caption-outside .text-wrapper span.title { color: #ffffff; }#ftg-44 .tile .ftg-social a { color: #ffffff; }#ftg-44 .tile .caption-block { transition-duration:0.25s; }#ftg-44 .tile .tile-inner:before { background-color: #000000; }#ftg-44 .tile .tile-inner:before { background-color: rgba(0, 0, 0, 0.8); }#ftg-44 .tile:hover img {-moz-transform: ;-webkit-transform: ;-o-transform: ;-ms-transform: ;transform: ;}<\/style><a name=\"4\"><\/a><div class=\"final-tiles-gallery  ftg-hover-enabled caption-inside  caption-none caption-middle caption-center\" id=\"ftg-44\" style=\"width: 100%\"><div class='ftg-items'><div class='loading-bar'><i><\/i><\/div><div  class='tile ftg-preload  '><a title=\"Pochoir \u00e0 la peinture sur enduit de finition terre\" data-lightbox='ftg-44' rel='ftg-44'  class=' tile-inner  ftg-lightbox' href='https:\/\/www.lesterresdelouise.fr\/wp-content\/uploads\/2023\/12\/Logo-carte-de-visite-2-Copie-1024x789.jpg' ><img alt='Pochoir \u00e0 la peinture sur enduit de finition terre' class='item skip-lazy' data-class='item' data-ftg-source='https:\/\/www.lesterresdelouise.fr\/wp-content\/uploads\/2023\/12\/Logo-carte-de-visite-2-Copie-1024x789.jpg' src='https:\/\/www.lesterresdelouise.fr\/wp-content\/uploads\/2023\/12\/Logo-carte-de-visite-2-Copie-1024x789.jpg' width='1024' height='789' \/><div class='caption-block'><div class='text-wrapper'><span class='title'>Pochoir \u00e0 la peinture sur enduit de finition terre<\/span><span class='text'>Logo de l'entreprise Les Terres de Louise<\/span><\/div><\/div><\/a><div class='ftg-social'><\/div><\/div><div  class='tile ftg-preload  '><a title=\"D\u00e9cors de montagne Stuc de chaux et pigments \/ enduit de finition terre et chaux\" data-lightbox='ftg-44' rel='ftg-44'  class=' tile-inner  ftg-lightbox' href='https:\/\/www.lesterresdelouise.fr\/wp-content\/uploads\/2023\/12\/thumbnail_20210504_175241_-_Copie.jpg' ><img alt='D\u00e9cors de montagne Stuc de chaux et pigments \/ enduit de finition terre et chaux' class='item skip-lazy' data-class='item' data-ftg-source='https:\/\/www.lesterresdelouise.fr\/wp-content\/uploads\/2023\/12\/thumbnail_20210504_175241_-_Copie.jpg' src='https:\/\/www.lesterresdelouise.fr\/wp-content\/uploads\/2023\/12\/thumbnail_20210504_175241_-_Copie.jpg' width='700' height='796' \/><div class='caption-block'><div class='text-wrapper'><span class='title'>D\u00e9cors de montagne Stuc de chaux et pigments \/ enduit de finition terre et chaux<\/span><span class='text'>Box d'examen lors de ma formation \u00e0 l'EEAM<\/span><\/div><\/div><\/a><div class='ftg-social'><\/div><\/div><div  class='tile ftg-preload  '><a title=\"D\u00e9cors de montagnePlusieurs enduits minces \u00e0 l&#039;argile superpos\u00e9s\" data-lightbox='ftg-44' rel='ftg-44'  class=' tile-inner  ftg-lightbox' href='https:\/\/www.lesterresdelouise.fr\/wp-content\/uploads\/2023\/12\/IMG-20201210-WA0004_-_Copie-869x1024.jpg' ><img alt='D\u00e9cors de montagnePlusieurs enduits minces \u00e0 l&#039;argile superpos\u00e9s' class='item skip-lazy' data-class='item' data-ftg-source='https:\/\/www.lesterresdelouise.fr\/wp-content\/uploads\/2023\/12\/IMG-20201210-WA0004_-_Copie-869x1024.jpg' src='https:\/\/www.lesterresdelouise.fr\/wp-content\/uploads\/2023\/12\/IMG-20201210-WA0004_-_Copie-869x1024.jpg' width='869' height='1024' \/><div class='caption-block'><div class='text-wrapper'><span class='title'>D\u00e9cors de montagnePlusieurs enduits minces \u00e0 l'argile superpos\u00e9s<\/span><span class='text'>Box d'examen lors de ma formation \u00e0 l'EEAM<\/span><\/div><\/div><\/a><div class='ftg-social'><\/div><\/div><div  class='tile ftg-preload  '><a title=\"D\u00e9cor de montagnePl\u00e2tre color\u00e9, gratt\u00e9 puis cisel\u00e9\" data-lightbox='ftg-44' rel='ftg-44'  class=' tile-inner  ftg-lightbox' href='https:\/\/www.lesterresdelouise.fr\/wp-content\/uploads\/2023\/12\/1020359_-_Copie-1024x768.jpg' ><img alt='D\u00e9cor de montagnePl\u00e2tre color\u00e9, gratt\u00e9 puis cisel\u00e9' class='item skip-lazy' data-class='item' data-ftg-source='https:\/\/www.lesterresdelouise.fr\/wp-content\/uploads\/2023\/12\/1020359_-_Copie-1024x768.jpg' src='https:\/\/www.lesterresdelouise.fr\/wp-content\/uploads\/2023\/12\/1020359_-_Copie-1024x768.jpg' width='1024' height='768' \/><div class='caption-block'><div class='text-wrapper'><span class='title'>D\u00e9cor de montagnePl\u00e2tre color\u00e9, gratt\u00e9 puis cisel\u00e9<\/span><span class='text'>Box d'examen lors de ma formation \u00e0 l'EEAM<\/span><\/div><\/div><\/a><div class='ftg-social'><\/div><\/div><div  class='tile ftg-preload  '><a title=\"Volume et d\u00e9cors en terre-paille puis finition terre \u00e9pong\u00e9e\" data-lightbox='ftg-44' rel='ftg-44'  class=' tile-inner  ftg-lightbox' href='https:\/\/www.lesterresdelouise.fr\/wp-content\/uploads\/2023\/12\/thumbnail__DSF4843-1024x682.jpg' ><img alt='Volume et d\u00e9cors en terre-paille puis finition terre \u00e9pong\u00e9e' class='item skip-lazy' data-class='item' data-ftg-source='https:\/\/www.lesterresdelouise.fr\/wp-content\/uploads\/2023\/12\/thumbnail__DSF4843-1024x682.jpg' src='https:\/\/www.lesterresdelouise.fr\/wp-content\/uploads\/2023\/12\/thumbnail__DSF4843-1024x682.jpg' width='1024' height='682' \/><div class='caption-block'><div class='text-wrapper'><span class='title'>Volume et d\u00e9cors en terre-paille puis finition terre \u00e9pong\u00e9e<\/span><span class='text'>Chantier participatif r\u00e9alis\u00e9 avec l'association Botmobil<\/span><\/div><\/div><\/a><div class='ftg-social'><\/div><\/div><div  class='tile ftg-preload  '><a title=\"Forme cr\u00e9\u00e9e en terre-paille puis finition terre locale et paillette de lin\" data-lightbox='ftg-44' rel='ftg-44'  class=' tile-inner  ftg-lightbox' href='https:\/\/www.lesterresdelouise.fr\/wp-content\/uploads\/2023\/12\/DSC01179-768x1024.jpg' ><img alt='Forme cr\u00e9\u00e9e en terre-paille puis finition terre locale et paillette de lin' class='item skip-lazy' data-class='item' data-ftg-source='https:\/\/www.lesterresdelouise.fr\/wp-content\/uploads\/2023\/12\/DSC01179-768x1024.jpg' src='https:\/\/www.lesterresdelouise.fr\/wp-content\/uploads\/2023\/12\/DSC01179-768x1024.jpg' width='768' height='1024' \/><div class='caption-block'><div class='text-wrapper'><span class='title'>Forme cr\u00e9\u00e9e en terre-paille puis finition terre locale et paillette de lin<\/span><span class='text'>Chantier r\u00e9alis\u00e9 avec St\u00e9phanie Paulet, du collectif des B\u00e2tisses Heureuses, et Aur\u00e9lie Mass\u00e9, entreprise Mati\u00e8res Vivantes<\/span><\/div><\/div><\/a><div class='ftg-social'><\/div><\/div><div  class='tile ftg-preload  '><a title=\"Zoom sur un arrondi cr\u00e9\u00e9 en terre-paille recouvert d&#039;un enduit de finition terre locale-paillettes de lin\" data-lightbox='ftg-44' rel='ftg-44'  class=' tile-inner  ftg-lightbox' href='https:\/\/www.lesterresdelouise.fr\/wp-content\/uploads\/2025\/06\/20230624_153638-768x1024.jpg' ><img alt='Zoom sur un arrondi cr\u00e9\u00e9 en terre-paille recouvert d&#039;un enduit de finition terre locale-paillettes de lin' class='item skip-lazy' data-class='item' data-ftg-source='https:\/\/www.lesterresdelouise.fr\/wp-content\/uploads\/2025\/06\/20230624_153638-768x1024.jpg' src='https:\/\/www.lesterresdelouise.fr\/wp-content\/uploads\/2025\/06\/20230624_153638-768x1024.jpg' width='768' height='1024' \/><div class='caption-block'><div class='text-wrapper'><span class='title'>Zoom sur un arrondi cr\u00e9\u00e9 en terre-paille recouvert d'un enduit de finition terre locale-paillettes de lin<\/span><span class='text'>Chantier r\u00e9alis\u00e9 avec St\u00e9phanie Paulet des \"B\u00e2tisses Heureuses\" et Aur\u00e9lie Mass\u00e9, entreprise \"Mati\u00e8res Vivantes\"<\/span><\/div><\/div><\/a><div class='ftg-social'><\/div><\/div><div  class='tile ftg-preload  '><a title=\"Niche enduite \u00e0 l&#039;argile locale et paillette de lin - finition \u00e9pong\u00e9e\" data-lightbox='ftg-44' rel='ftg-44'  class=' tile-inner  ftg-lightbox' href='https:\/\/www.lesterresdelouise.fr\/wp-content\/uploads\/2023\/12\/DSC01167-768x1024.jpg' ><img alt='Niche enduite \u00e0 l&#039;argile locale et paillette de lin - finition \u00e9pong\u00e9e' class='item skip-lazy' data-class='item' data-ftg-source='https:\/\/www.lesterresdelouise.fr\/wp-content\/uploads\/2023\/12\/DSC01167-768x1024.jpg' src='https:\/\/www.lesterresdelouise.fr\/wp-content\/uploads\/2023\/12\/DSC01167-768x1024.jpg' width='768' height='1024' \/><div class='caption-block'><div class='text-wrapper'><span class='title'>Niche enduite \u00e0 l'argile locale et paillette de lin - finition \u00e9pong\u00e9e<\/span><span class='text'>Chantier r\u00e9alis\u00e9 avec St\u00e9phanie Paulet, du collectif des B\u00e2tisses Heureuses, et Aur\u00e9lie Mass\u00e9, entreprise Mati\u00e8res Vivantes<\/span><\/div><\/div><\/a><div class='ftg-social'><\/div><\/div><div  class='tile ftg-preload  '><a title=\"Courbe de jonction d&#039;enduits terre r\u00e9alis\u00e9e avec une corde de chanvre naturelle\" data-lightbox='ftg-44' rel='ftg-44'  class=' tile-inner  ftg-lightbox' href='https:\/\/www.lesterresdelouise.fr\/wp-content\/uploads\/2025\/06\/20230803_184522-768x1024.jpg' ><img alt='Courbe de jonction d&#039;enduits terre r\u00e9alis\u00e9e avec une corde de chanvre naturelle' class='item skip-lazy' data-class='item' data-ftg-source='https:\/\/www.lesterresdelouise.fr\/wp-content\/uploads\/2025\/06\/20230803_184522-768x1024.jpg' src='https:\/\/www.lesterresdelouise.fr\/wp-content\/uploads\/2025\/06\/20230803_184522-768x1024.jpg' width='768' height='1024' \/><div class='caption-block'><div class='text-wrapper'><span class='title'>Courbe de jonction d'enduits terre r\u00e9alis\u00e9e avec une corde de chanvre naturelle<\/span><\/div><\/div><\/a><div class='ftg-social'><\/div><\/div><div  class='tile ftg-preload  '><a title=\"D\u00e9cor en sgraffito (ciselage) dans un corps d&#039;enduit terre-paille liss\u00e9\" data-lightbox='ftg-44' rel='ftg-44'  class=' tile-inner  ftg-lightbox' href='https:\/\/www.lesterresdelouise.fr\/wp-content\/uploads\/2023\/12\/DSC085651-1024x768.jpg' ><img alt='D\u00e9cor en sgraffito (ciselage) dans un corps d&#039;enduit terre-paille liss\u00e9' class='item skip-lazy' data-class='item' data-ftg-source='https:\/\/www.lesterresdelouise.fr\/wp-content\/uploads\/2023\/12\/DSC085651-1024x768.jpg' src='https:\/\/www.lesterresdelouise.fr\/wp-content\/uploads\/2023\/12\/DSC085651-1024x768.jpg' width='1024' height='768' \/><div class='caption-block'><div class='text-wrapper'><span class='title'>D\u00e9cor en sgraffito (ciselage) dans un corps d'enduit terre-paille liss\u00e9<\/span><span class='text'>Chantier participatif r\u00e9alis\u00e9 avec l'association Botmobil<\/span><\/div><\/div><\/a><div class='ftg-social'><\/div><\/div><div  class='tile ftg-preload  '><a title=\"D\u00e9cor en sgraffito (ciselage) dans un corps d&#039;enduit terre-paille liss\u00e9\" data-lightbox='ftg-44' rel='ftg-44'  class=' tile-inner  ftg-lightbox' href='https:\/\/www.lesterresdelouise.fr\/wp-content\/uploads\/2023\/12\/DSC08385-768x1024.jpg' ><img alt='D\u00e9cor en sgraffito (ciselage) dans un corps d&#039;enduit terre-paille liss\u00e9' class='item skip-lazy' data-class='item' data-ftg-source='https:\/\/www.lesterresdelouise.fr\/wp-content\/uploads\/2023\/12\/DSC08385-768x1024.jpg' src='https:\/\/www.lesterresdelouise.fr\/wp-content\/uploads\/2023\/12\/DSC08385-768x1024.jpg' width='768' height='1024' \/><div class='caption-block'><div class='text-wrapper'><span class='title'>D\u00e9cor en sgraffito (ciselage) dans un corps d'enduit terre-paille liss\u00e9<\/span><span class='text'>Chantier participatif r\u00e9alis\u00e9 avec l'association Botmobil<\/span><\/div><\/div><\/a><div class='ftg-social'><\/div><\/div><div  class='tile ftg-preload  '><a title=\"D\u00e9cor en sgraffito (ciselage) dans un corps d&#039;enduit terre-paille liss\u00e9\" data-lightbox='ftg-44' rel='ftg-44'  class=' tile-inner  ftg-lightbox' href='https:\/\/www.lesterresdelouise.fr\/wp-content\/uploads\/2023\/12\/DSC08422-768x1024.jpg' ><img alt='D\u00e9cor en sgraffito (ciselage) dans un corps d&#039;enduit terre-paille liss\u00e9' class='item skip-lazy' data-class='item' data-ftg-source='https:\/\/www.lesterresdelouise.fr\/wp-content\/uploads\/2023\/12\/DSC08422-768x1024.jpg' src='https:\/\/www.lesterresdelouise.fr\/wp-content\/uploads\/2023\/12\/DSC08422-768x1024.jpg' width='768' height='1024' \/><div class='caption-block'><div class='text-wrapper'><span class='title'>D\u00e9cor en sgraffito (ciselage) dans un corps d'enduit terre-paille liss\u00e9<\/span><span class='text'>Chantier participatif r\u00e9alis\u00e9 avec l'association Botmobil<\/span><\/div><\/div><\/a><div class='ftg-social'><\/div><\/div><div  class='tile ftg-preload  '><a title=\"D\u00e9cor en sgraffito (ciselage) dans un corps d&#039;enduit terre-paille liss\u00e9\" data-lightbox='ftg-44' rel='ftg-44'  class=' tile-inner  ftg-lightbox' href='https:\/\/www.lesterresdelouise.fr\/wp-content\/uploads\/2023\/12\/DSC08589-768x1024.jpg' ><img alt='D\u00e9cor en sgraffito (ciselage) dans un corps d&#039;enduit terre-paille liss\u00e9' class='item skip-lazy' data-class='item' data-ftg-source='https:\/\/www.lesterresdelouise.fr\/wp-content\/uploads\/2023\/12\/DSC08589-768x1024.jpg' src='https:\/\/www.lesterresdelouise.fr\/wp-content\/uploads\/2023\/12\/DSC08589-768x1024.jpg' width='768' height='1024' \/><div class='caption-block'><div class='text-wrapper'><span class='title'>D\u00e9cor en sgraffito (ciselage) dans un corps d'enduit terre-paille liss\u00e9<\/span><span class='text'>Chantier participatif r\u00e9alis\u00e9 avec l'association Botmobil<\/span><\/div><\/div><\/a><div class='ftg-social'><\/div><\/div><div  class='tile ftg-preload  '><a title=\"Fen\u00eatre de v\u00e9rit\u00e9 laissant appara\u00eetre l&#039;isolation terre-paille banch\u00e9e\" data-lightbox='ftg-44' rel='ftg-44'  class=' tile-inner  ftg-lightbox' href='https:\/\/www.lesterresdelouise.fr\/wp-content\/uploads\/2023\/11\/DSC01222-1024x802.jpg' ><img alt='Fen\u00eatre de v\u00e9rit\u00e9 laissant appara\u00eetre l&#039;isolation terre-paille banch\u00e9e' class='item skip-lazy' data-class='item' data-ftg-source='https:\/\/www.lesterresdelouise.fr\/wp-content\/uploads\/2023\/11\/DSC01222-1024x802.jpg' src='https:\/\/www.lesterresdelouise.fr\/wp-content\/uploads\/2023\/11\/DSC01222-1024x802.jpg' width='1024' height='802' \/><div class='caption-block'><div class='text-wrapper'><span class='title'>Fen\u00eatre de v\u00e9rit\u00e9 laissant appara\u00eetre l'isolation terre-paille banch\u00e9e<\/span><span class='text'>Chantier r\u00e9alis\u00e9 avec St\u00e9phanie Paulet, du collectif des B\u00e2tisses Heureuses, et Aur\u00e9lie Mass\u00e9, entreprise Mati\u00e8res Vivantes<\/span><\/div><\/div><\/a><div class='ftg-social'><\/div><\/div><div  class='tile ftg-preload  '><a title=\"Fen\u00eatre de v\u00e9rit\u00e9 laissant appara\u00eetre le corps d&#039;enduit terre-paille et l&#039;isolation terre-paille banch\u00e9e derri\u00e8re des lattis de bois\" data-lightbox='ftg-44' rel='ftg-44'  class=' tile-inner  ftg-lightbox' href='https:\/\/www.lesterresdelouise.fr\/wp-content\/uploads\/2023\/12\/DSC01218_copie-1024x785.jpg' ><img alt='Fen\u00eatre de v\u00e9rit\u00e9 laissant appara\u00eetre le corps d&#039;enduit terre-paille et l&#039;isolation terre-paille banch\u00e9e derri\u00e8re des lattis de bois' class='item skip-lazy' data-class='item' data-ftg-source='https:\/\/www.lesterresdelouise.fr\/wp-content\/uploads\/2023\/12\/DSC01218_copie-1024x785.jpg' src='https:\/\/www.lesterresdelouise.fr\/wp-content\/uploads\/2023\/12\/DSC01218_copie-1024x785.jpg' width='1024' height='785' \/><div class='caption-block'><div class='text-wrapper'><span class='title'>Fen\u00eatre de v\u00e9rit\u00e9 laissant appara\u00eetre le corps d'enduit terre-paille et l'isolation terre-paille banch\u00e9e derri\u00e8re des lattis de bois<\/span><span class='text'>Chantier r\u00e9alis\u00e9 avec St\u00e9phanie Paulet, du collectif des B\u00e2tisses Heureuses, et Aur\u00e9lie Mass\u00e9, entreprise Mati\u00e8res Vivantes<\/span><\/div><\/div><\/a><div class='ftg-social'><\/div><\/div><div  class='tile ftg-preload  '><a title=\"Applique - volume terre-paille puis enduit de finition terre \u00e9pong\u00e9\" data-lightbox='ftg-44' rel='ftg-44'  class=' tile-inner  ftg-lightbox' href='https:\/\/www.lesterresdelouise.fr\/wp-content\/uploads\/2023\/12\/DSC_0324-1024x683.jpg' ><img alt='Applique - volume terre-paille puis enduit de finition terre \u00e9pong\u00e9' class='item skip-lazy' data-class='item' data-ftg-source='https:\/\/www.lesterresdelouise.fr\/wp-content\/uploads\/2023\/12\/DSC_0324-1024x683.jpg' src='https:\/\/www.lesterresdelouise.fr\/wp-content\/uploads\/2023\/12\/DSC_0324-1024x683.jpg' width='1024' height='683' \/><div class='caption-block'><div class='text-wrapper'><span class='title'>Applique - volume terre-paille puis enduit de finition terre \u00e9pong\u00e9<\/span><span class='text'>Chantier participatif r\u00e9alis\u00e9 avec l'association Botmobil<\/span><\/div><\/div><\/a><div class='ftg-social'><\/div><\/div><div  class='tile ftg-preload  '><a title=\"D\u00e9cor en sgraffito (ciselage) dans un enduit de finition terre\" data-lightbox='ftg-44' rel='ftg-44'  class=' tile-inner  ftg-lightbox' href='https:\/\/www.lesterresdelouise.fr\/wp-content\/uploads\/2023\/12\/DSC_0481-1024x683.jpg' ><img alt='D\u00e9cor en sgraffito (ciselage) dans un enduit de finition terre' class='item skip-lazy' data-class='item' data-ftg-source='https:\/\/www.lesterresdelouise.fr\/wp-content\/uploads\/2023\/12\/DSC_0481-1024x683.jpg' src='https:\/\/www.lesterresdelouise.fr\/wp-content\/uploads\/2023\/12\/DSC_0481-1024x683.jpg' width='1024' height='683' \/><div class='caption-block'><div class='text-wrapper'><span class='title'>D\u00e9cor en sgraffito (ciselage) dans un enduit de finition terre<\/span><span class='text'>Chantier participatif r\u00e9alis\u00e9 avec l'association Botmobil<\/span><\/div><\/div><\/a><div class='ftg-social'><\/div><\/div><div  class='tile ftg-preload  '><a title=\"Empreinte de v\u00e9g\u00e9taux (monnaie du pape) dans un enduit mince \u00e0 l&#039;argile\" data-lightbox='ftg-44' rel='ftg-44'  class=' tile-inner  ftg-lightbox' href='https:\/\/www.lesterresdelouise.fr\/wp-content\/uploads\/2023\/12\/20220627_183713-1024x768.jpg' ><img alt='Empreinte de v\u00e9g\u00e9taux (monnaie du pape) dans un enduit mince \u00e0 l&#039;argile' class='item skip-lazy' data-class='item' data-ftg-source='https:\/\/www.lesterresdelouise.fr\/wp-content\/uploads\/2023\/12\/20220627_183713-1024x768.jpg' src='https:\/\/www.lesterresdelouise.fr\/wp-content\/uploads\/2023\/12\/20220627_183713-1024x768.jpg' width='1024' height='768' \/><div class='caption-block'><div class='text-wrapper'><span class='title'>Empreinte de v\u00e9g\u00e9taux (monnaie du pape) dans un enduit mince \u00e0 l'argile<\/span><span class='text'>Chantier r\u00e9alis\u00e9 en accompagnement<\/span><\/div><\/div><\/a><div class='ftg-social'><\/div><\/div><div  class='tile ftg-preload  '><a title=\"Empreinte de v\u00e9g\u00e9taux (foug\u00e8re) dans un enduit mince \u00e0 l&#039;argile\" data-lightbox='ftg-44' rel='ftg-44'  class=' tile-inner  ftg-lightbox' href='https:\/\/www.lesterresdelouise.fr\/wp-content\/uploads\/2023\/12\/20220627_183724-768x1024.jpg' ><img alt='Empreinte de v\u00e9g\u00e9taux (foug\u00e8re) dans un enduit mince \u00e0 l&#039;argile' class='item skip-lazy' data-class='item' data-ftg-source='https:\/\/www.lesterresdelouise.fr\/wp-content\/uploads\/2023\/12\/20220627_183724-768x1024.jpg' src='https:\/\/www.lesterresdelouise.fr\/wp-content\/uploads\/2023\/12\/20220627_183724-768x1024.jpg' width='768' height='1024' \/><div class='caption-block'><div class='text-wrapper'><span class='title'>Empreinte de v\u00e9g\u00e9taux (foug\u00e8re) dans un enduit mince \u00e0 l'argile<\/span><span class='text'>Chantier r\u00e9alis\u00e9 en accompagnement<\/span><\/div><\/div><\/a><div class='ftg-social'><\/div><\/div><div  class='tile ftg-preload  '><a title=\"Fausses briques effet vieilli\" data-lightbox='ftg-44' rel='ftg-44'  class=' tile-inner  ftg-lightbox' href='https:\/\/www.lesterresdelouise.fr\/wp-content\/uploads\/2023\/12\/20210205_165029-1024x768.jpg' ><img alt='Fausses briques effet vieilli' class='item skip-lazy' data-class='item' data-ftg-source='https:\/\/www.lesterresdelouise.fr\/wp-content\/uploads\/2023\/12\/20210205_165029-1024x768.jpg' src='https:\/\/www.lesterresdelouise.fr\/wp-content\/uploads\/2023\/12\/20210205_165029-1024x768.jpg' width='1024' height='768' \/><div class='caption-block'><div class='text-wrapper'><span class='title'>Fausses briques effet vieilli<\/span><span class='text'>R\u00e9alis\u00e9 lors de ma formation \u00e0 l'EEAM<\/span><\/div><\/div><\/a><div class='ftg-social'><\/div><\/div><div  class='tile ftg-preload  '><a title=\"Fausses briques effet vieilli\" data-lightbox='ftg-44' rel='ftg-44'  class=' tile-inner  ftg-lightbox' href='https:\/\/www.lesterresdelouise.fr\/wp-content\/uploads\/2023\/12\/20210204_151504-1024x768.jpg' ><img alt='Fausses briques effet vieilli' class='item skip-lazy' data-class='item' data-ftg-source='https:\/\/www.lesterresdelouise.fr\/wp-content\/uploads\/2023\/12\/20210204_151504-1024x768.jpg' src='https:\/\/www.lesterresdelouise.fr\/wp-content\/uploads\/2023\/12\/20210204_151504-1024x768.jpg' width='1024' height='768' \/><div class='caption-block'><div class='text-wrapper'><span class='title'>Fausses briques effet vieilli<\/span><span class='text'>Chantier \u00e9cole r\u00e9alis\u00e9 lors de ma formation \u00e0 l'EEAM<\/span><\/div><\/div><\/a><div class='ftg-social'><\/div><\/div><div  class='tile ftg-preload  '><a title=\"Moulure train\u00e9e en pl\u00e2tre\" data-lightbox='ftg-44' rel='ftg-44'  class=' tile-inner  ftg-lightbox' href='https:\/\/www.lesterresdelouise.fr\/wp-content\/uploads\/2023\/12\/20201104_124846-576x1024.jpg' ><img alt='Moulure train\u00e9e en pl\u00e2tre' class='item skip-lazy' data-class='item' data-ftg-source='https:\/\/www.lesterresdelouise.fr\/wp-content\/uploads\/2023\/12\/20201104_124846-576x1024.jpg' src='https:\/\/www.lesterresdelouise.fr\/wp-content\/uploads\/2023\/12\/20201104_124846-576x1024.jpg' width='576' height='1024' \/><div class='caption-block'><div class='text-wrapper'><span class='title'>Moulure train\u00e9e en pl\u00e2tre<\/span><span class='text'>R\u00e9alis\u00e9 lors de ma formation \u00e0 l'EEAM<\/span><\/div><\/div><\/a><div class='ftg-social'><\/div><\/div><\/div><\/div>\n\n\n\n<div style=\"height:80px\" aria-hidden=\"true\" class=\"wp-block-spacer\"><\/div>\n\n\n\n<div class=\"wp-block-buttons is-horizontal is-content-justification-center is-layout-flex wp-container-core-buttons-is-layout-499968f5 wp-block-buttons-is-layout-flex\">\n<div class=\"wp-block-button\"><a class=\"wp-block-button__link has-accent-1-background-color has-background wp-element-button\" href=\"https:\/\/www.lesterresdelouise.fr\/?page_id=237\" style=\"border-radius:50px\">Voir la suite : Terre<\/a><\/div>\n<\/div>\n","protected":false},"excerpt":{"rendered":"<p>Voici un petit aper\u00e7u de diff\u00e9rents d\u00e9cors et volumes ! \u00b7 Bonne d\u00e9couverte \u00b7<\/p>\n","protected":false},"author":1,"featured_media":0,"parent":0,"menu_order":0,"comment_status":"closed","ping_status":"closed","template":"","meta":{"footnotes":""},"class_list":["post-240","page","type-page","status-publish","hentry"],"_links":{"self":[{"href":"https:\/\/www.lesterresdelouise.fr\/index.php?rest_route=\/wp\/v2\/pages\/240","targetHints":{"allow":["GET"]}}],"collection":[{"href":"https:\/\/www.lesterresdelouise.fr\/index.php?rest_route=\/wp\/v2\/pages"}],"about":[{"href":"https:\/\/www.lesterresdelouise.fr\/index.php?rest_route=\/wp\/v2\/types\/page"}],"author":[{"embeddable":true,"href":"https:\/\/www.lesterresdelouise.fr\/index.php?rest_route=\/wp\/v2\/users\/1"}],"replies":[{"embeddable":true,"href":"https:\/\/www.lesterresdelouise.fr\/index.php?rest_route=%2Fwp%2Fv2%2Fcomments&post=240"}],"version-history":[{"count":6,"href":"https:\/\/www.lesterresdelouise.fr\/index.php?rest_route=\/wp\/v2\/pages\/240\/revisions"}],"predecessor-version":[{"id":707,"href":"https:\/\/www.lesterresdelouise.fr\/index.php?rest_route=\/wp\/v2\/pages\/240\/revisions\/707"}],"wp:attachment":[{"href":"https:\/\/www.lesterresdelouise.fr\/index.php?rest_route=%2Fwp%2Fv2%2Fmedia&parent=240"}],"curies":[{"name":"wp","href":"https:\/\/api.w.org\/{rel}","templated":true}]}}