{"id":241,"date":"2022-01-05T17:28:42","date_gmt":"2022-01-05T16:28:42","guid":{"rendered":"https:\/\/www.lesterresdelouise.fr\/?page_id=241"},"modified":"2023-12-08T16:29:44","modified_gmt":"2023-12-08T15:29:44","slug":"chaux","status":"publish","type":"page","link":"https:\/\/www.lesterresdelouise.fr\/?page_id=241","title":{"rendered":"Chaux"},"content":{"rendered":"\n<p class=\"has-text-align-center\" style=\"font-size:18px\">Voici un petit aper\u00e7u de r\u00e9alisations \u00e0 base de chaux !<\/p>\n\n\n\n<p class=\"has-text-align-center\" style=\"font-size:18px\">\u00b7 Bonne d\u00e9couverte \u00b7<\/p>\n\n\n\n<!-- Final Tiles Grid Gallery for WordPress v3.6.13 free --><style>#ftg-22 .tile .icon { color:#ffffff; }#ftg-22 .ftg-items .loading-bar i { background:#666; }#ftg-22 .ftg-items .loading-bar { background:#fff; }#ftg-22 .tile .icon { font-size:12px; }#ftg-22 .tile .icon { margin: -6px 0 0 -6px; }#ftg-22 .tile .caption-block .text-wrapper span.text { font-size:12px; }#ftg-22 .tile .caption-outside .text-wrapper span.text { font-size:12px; }#ftg-22 .tile .caption-block .text-wrapper span.title { font-size:14px; }#ftg-22 .tile .caption-outside .text-wrapper span.title { font-size:14px; }#ftg-22 .tile { background-color: transparent; }#ftg-22 .tile .caption-block .text-wrapper span.text { color: #ffffff; }#ftg-22 .tile .caption-block .text-wrapper span.title { color: #ffffff; }#ftg-22 .tile .caption-outside .text-wrapper span.text { color: #ffffff; }#ftg-22 .tile .caption-outside .text-wrapper span.title { color: #ffffff; }#ftg-22 .tile .ftg-social a { color: #ffffff; }#ftg-22 .tile .caption-block { transition-duration:0.25s; }#ftg-22 .tile .tile-inner:before { background-color: #000000; }#ftg-22 .tile .tile-inner:before { background-color: rgba(0, 0, 0, 0.8); }#ftg-22 .tile:hover img {-moz-transform: ;-webkit-transform: ;-o-transform: ;-ms-transform: ;transform: ;}<\/style><a name=\"2\"><\/a><div class=\"final-tiles-gallery  ftg-hover-enabled caption-inside  caption-none caption-middle caption-center\" id=\"ftg-22\" style=\"width: 100%\"><div class='ftg-items'><div class='loading-bar'><i><\/i><\/div><div  class='tile ftg-preload  '><a title=\"D\u00e9cors en stuc de chaux et pigments\" data-lightbox='ftg-22' rel='ftg-22'  class=' tile-inner  ftg-lightbox' href='https:\/\/www.lesterresdelouise.fr\/wp-content\/uploads\/2023\/11\/thumbnail_20210504_175252_-_Copie.jpg' ><img alt='D\u00e9cors en stuc de chaux et pigments' class='item skip-lazy' data-class='item' data-ftg-source='https:\/\/www.lesterresdelouise.fr\/wp-content\/uploads\/2023\/11\/thumbnail_20210504_175252_-_Copie.jpg' src='https:\/\/www.lesterresdelouise.fr\/wp-content\/uploads\/2023\/11\/thumbnail_20210504_175252_-_Copie.jpg' width='300' height='472' \/><div class='caption-block'><div class='text-wrapper'><span class='title'>D\u00e9cors en stuc de chaux et pigments<\/span><\/div><\/div><\/a><div class='ftg-social'><\/div><\/div><div  class='tile ftg-preload  '><a title=\"Chaux-chanvre en finition liss\u00e9e - Correction thermique\" data-lightbox='ftg-22' rel='ftg-22'  class=' tile-inner  ftg-lightbox' href='https:\/\/www.lesterresdelouise.fr\/wp-content\/uploads\/2023\/11\/20230503_131439_0000-1024x762.png' ><img alt='Chaux-chanvre en finition liss\u00e9e - Correction thermique' class='item skip-lazy' data-class='item' data-ftg-source='https:\/\/www.lesterresdelouise.fr\/wp-content\/uploads\/2023\/11\/20230503_131439_0000-1024x762.png' src='https:\/\/www.lesterresdelouise.fr\/wp-content\/uploads\/2023\/11\/20230503_131439_0000-1024x762.png' width='1024' height='762' \/><div class='caption-block'><div class='text-wrapper'><span class='title'>Chaux-chanvre en finition liss\u00e9e - Correction thermique<\/span><\/div><\/div><\/a><div class='ftg-social'><\/div><\/div><div  class='tile ftg-preload  '><a title=\"Chaux-chanvre en finition liss\u00e9e - Correction thermique\" data-lightbox='ftg-22' rel='ftg-22'  class=' tile-inner  ftg-lightbox' href='https:\/\/www.lesterresdelouise.fr\/wp-content\/uploads\/2023\/11\/20220113_144327.jpg' ><img alt='Chaux-chanvre en finition liss\u00e9e - Correction thermique' class='item skip-lazy' data-class='item' data-ftg-source='https:\/\/www.lesterresdelouise.fr\/wp-content\/uploads\/2023\/11\/20220113_144327.jpg' src='https:\/\/www.lesterresdelouise.fr\/wp-content\/uploads\/2023\/11\/20220113_144327.jpg' width='300' height='400' \/><div class='caption-block'><div class='text-wrapper'><span class='title'>Chaux-chanvre en finition liss\u00e9e - Correction thermique<\/span><\/div><\/div><\/a><div class='ftg-social'><\/div><\/div><div  class='tile ftg-preload  '><a title=\"Chaux-chanvre en finition liss\u00e9e - Correction thermique\" data-lightbox='ftg-22' rel='ftg-22'  class=' tile-inner  ftg-lightbox' href='https:\/\/www.lesterresdelouise.fr\/wp-content\/uploads\/2023\/11\/20230503_131439_0001-1024x773.png' ><img alt='Chaux-chanvre en finition liss\u00e9e - Correction thermique' class='item skip-lazy' data-class='item' data-ftg-source='https:\/\/www.lesterresdelouise.fr\/wp-content\/uploads\/2023\/11\/20230503_131439_0001-1024x773.png' src='https:\/\/www.lesterresdelouise.fr\/wp-content\/uploads\/2023\/11\/20230503_131439_0001-1024x773.png' width='1024' height='773' \/><div class='caption-block'><div class='text-wrapper'><span class='title'>Chaux-chanvre en finition liss\u00e9e - Correction thermique<\/span><\/div><\/div><\/a><div class='ftg-social'><\/div><\/div><div  class='tile ftg-preload  '><a title=\"Chaux-chanvre en finition liss\u00e9e - Correction thermique\" data-lightbox='ftg-22' rel='ftg-22'  class=' tile-inner  ftg-lightbox' href='https:\/\/www.lesterresdelouise.fr\/wp-content\/uploads\/2023\/11\/20220113_144501.jpg' ><img alt='Chaux-chanvre en finition liss\u00e9e - Correction thermique' class='item skip-lazy' data-class='item' data-ftg-source='https:\/\/www.lesterresdelouise.fr\/wp-content\/uploads\/2023\/11\/20220113_144501.jpg' src='https:\/\/www.lesterresdelouise.fr\/wp-content\/uploads\/2023\/11\/20220113_144501.jpg' width='300' height='400' \/><div class='caption-block'><div class='text-wrapper'><span class='title'>Chaux-chanvre en finition liss\u00e9e - Correction thermique<\/span><\/div><\/div><\/a><div class='ftg-social'><\/div><\/div><div  class='tile ftg-preload  '><a title=\"Chaux-chanvre en finition liss\u00e9e - zoom mati\u00e8re\" data-lightbox='ftg-22' rel='ftg-22'  class=' tile-inner  ftg-lightbox' href='https:\/\/www.lesterresdelouise.fr\/wp-content\/uploads\/2023\/11\/20230503_131439_0004-762x1024.png' ><img alt='Chaux-chanvre en finition liss\u00e9e - zoom mati\u00e8re' class='item skip-lazy' data-class='item' data-ftg-source='https:\/\/www.lesterresdelouise.fr\/wp-content\/uploads\/2023\/11\/20230503_131439_0004-762x1024.png' src='https:\/\/www.lesterresdelouise.fr\/wp-content\/uploads\/2023\/11\/20230503_131439_0004-762x1024.png' width='762' height='1024' \/><div class='caption-block'><div class='text-wrapper'><span class='title'>Chaux-chanvre en finition liss\u00e9e - zoom mati\u00e8re<\/span><\/div><\/div><\/a><div class='ftg-social'><\/div><\/div><div  class='tile ftg-preload  '><a title=\"Badigeon \u00e0 la chaux sur brique de terre crue\" data-lightbox='ftg-22' rel='ftg-22'  class=' tile-inner  ftg-lightbox' href='https:\/\/www.lesterresdelouise.fr\/wp-content\/uploads\/2023\/11\/20230503_182722_0004-2-1024x762.png' ><img alt='Badigeon \u00e0 la chaux sur brique de terre crue' class='item skip-lazy' data-class='item' data-ftg-source='https:\/\/www.lesterresdelouise.fr\/wp-content\/uploads\/2023\/11\/20230503_182722_0004-2-1024x762.png' src='https:\/\/www.lesterresdelouise.fr\/wp-content\/uploads\/2023\/11\/20230503_182722_0004-2-1024x762.png' width='1024' height='762' \/><div class='caption-block'><div class='text-wrapper'><span class='title'>Badigeon \u00e0 la chaux sur brique de terre crue<\/span><\/div><\/div><\/a><div class='ftg-social'><\/div><\/div><div  class='tile ftg-preload  '><a title=\"Corps d&#039;enduit chaux-sable en finition\" data-lightbox='ftg-22' rel='ftg-22'  class=' tile-inner  ftg-lightbox' href='https:\/\/www.lesterresdelouise.fr\/wp-content\/uploads\/2023\/11\/20220503_163305.jpg' ><img alt='Corps d&#039;enduit chaux-sable en finition' class='item skip-lazy' data-class='item' data-ftg-source='https:\/\/www.lesterresdelouise.fr\/wp-content\/uploads\/2023\/11\/20220503_163305.jpg' src='https:\/\/www.lesterresdelouise.fr\/wp-content\/uploads\/2023\/11\/20220503_163305.jpg' width='400' height='300' \/><div class='caption-block'><div class='text-wrapper'><span class='title'>Corps d'enduit chaux-sable en finition<\/span><span class='text'>Chantier r\u00e9alis\u00e9 avec Aur\u00e9lie Mass\u00e9, entreprise \"Mati\u00e8res Vivantes\"<\/span><\/div><\/div><\/a><div class='ftg-social'><\/div><\/div><div  class='tile ftg-preload  '><a title=\"Corps d&#039;enduit chaux-sable en finition\" data-lightbox='ftg-22' rel='ftg-22'  class=' tile-inner  ftg-lightbox' href='https:\/\/www.lesterresdelouise.fr\/wp-content\/uploads\/2023\/11\/20220503_163144-1024x768.jpg' ><img alt='Corps d&#039;enduit chaux-sable en finition' class='item skip-lazy' data-class='item' data-ftg-source='https:\/\/www.lesterresdelouise.fr\/wp-content\/uploads\/2023\/11\/20220503_163144-1024x768.jpg' src='https:\/\/www.lesterresdelouise.fr\/wp-content\/uploads\/2023\/11\/20220503_163144-1024x768.jpg' width='1024' height='768' \/><div class='caption-block'><div class='text-wrapper'><span class='title'>Corps d'enduit chaux-sable en finition<\/span><span class='text'>Chantier r\u00e9alis\u00e9 avec Aur\u00e9lie Mass\u00e9, entreprise \"Mati\u00e8res Vivantes\"<\/span><\/div><\/div><\/a><div class='ftg-social'><\/div><\/div><div  class='tile ftg-preload  '><a title=\"Corps d&#039;enduit chaux-sable en finition\" data-lightbox='ftg-22' rel='ftg-22'  class=' tile-inner  ftg-lightbox' href='https:\/\/www.lesterresdelouise.fr\/wp-content\/uploads\/2023\/11\/IMG-20220504-WA0001.jpg' ><img alt='Corps d&#039;enduit chaux-sable en finition' class='item skip-lazy' data-class='item' data-ftg-source='https:\/\/www.lesterresdelouise.fr\/wp-content\/uploads\/2023\/11\/IMG-20220504-WA0001.jpg' src='https:\/\/www.lesterresdelouise.fr\/wp-content\/uploads\/2023\/11\/IMG-20220504-WA0001.jpg' width='300' height='400' \/><div class='caption-block'><div class='text-wrapper'><span class='title'>Corps d'enduit chaux-sable en finition<\/span><span class='text'>Chantier r\u00e9alis\u00e9 avec Aur\u00e9lie Mass\u00e9, entreprise \"Mati\u00e8res Vivantes\"<\/span><\/div><\/div><\/a><div class='ftg-social'><\/div><\/div><div  class='tile ftg-preload  '><a title=\"Chaux-chanvre en finition liss\u00e9e - Correction thermique\" data-lightbox='ftg-22' rel='ftg-22'  class=' tile-inner  ftg-lightbox' href='https:\/\/www.lesterresdelouise.fr\/wp-content\/uploads\/2023\/11\/20210918_130727.jpg' ><img alt='Chaux-chanvre en finition liss\u00e9e - Correction thermique' class='item skip-lazy' data-class='item' data-ftg-source='https:\/\/www.lesterresdelouise.fr\/wp-content\/uploads\/2023\/11\/20210918_130727.jpg' src='https:\/\/www.lesterresdelouise.fr\/wp-content\/uploads\/2023\/11\/20210918_130727.jpg' width='300' height='400' \/><div class='caption-block'><div class='text-wrapper'><span class='title'>Chaux-chanvre en finition liss\u00e9e - Correction thermique<\/span><\/div><\/div><\/a><div class='ftg-social'><\/div><\/div><div  class='tile ftg-preload  '><a title=\"Chaux-chanvre en finition liss\u00e9e - Zoom mati\u00e8re\" data-lightbox='ftg-22' rel='ftg-22'  class=' tile-inner  ftg-lightbox' href='https:\/\/www.lesterresdelouise.fr\/wp-content\/uploads\/2023\/11\/20210918_130626.jpg' ><img alt='Chaux-chanvre en finition liss\u00e9e - Zoom mati\u00e8re' class='item skip-lazy' data-class='item' data-ftg-source='https:\/\/www.lesterresdelouise.fr\/wp-content\/uploads\/2023\/11\/20210918_130626.jpg' src='https:\/\/www.lesterresdelouise.fr\/wp-content\/uploads\/2023\/11\/20210918_130626.jpg' width='300' height='400' \/><div class='caption-block'><div class='text-wrapper'><span class='title'>Chaux-chanvre en finition liss\u00e9e - Zoom mati\u00e8re<\/span><\/div><\/div><\/a><div class='ftg-social'><\/div><\/div><div  class='tile ftg-preload  '><a title=\"Graissage \u00e0 la chaux en p\u00e2te et pigments, sur enduit de finition chaux-sable\" data-lightbox='ftg-22' rel='ftg-22'  class=' tile-inner  ftg-lightbox' href='https:\/\/www.lesterresdelouise.fr\/wp-content\/uploads\/2023\/11\/20230704_112106_0002-1024x761.png' ><img alt='Graissage \u00e0 la chaux en p\u00e2te et pigments, sur enduit de finition chaux-sable' class='item skip-lazy' data-class='item' data-ftg-source='https:\/\/www.lesterresdelouise.fr\/wp-content\/uploads\/2023\/11\/20230704_112106_0002-1024x761.png' src='https:\/\/www.lesterresdelouise.fr\/wp-content\/uploads\/2023\/11\/20230704_112106_0002-1024x761.png' width='1024' height='761' \/><div class='caption-block'><div class='text-wrapper'><span class='title'>Graissage \u00e0 la chaux en p\u00e2te et pigments, sur enduit de finition chaux-sable<\/span><span class='text'>Chantier r\u00e9alis\u00e9 avec St\u00e9phanie Paulet des \"B\u00e2tisses Heureuses\", et d'Aur\u00e9lie Mass\u00e9, de l'entreprise \"Mati\u00e8res Vivantes\"<\/span><\/div><\/div><\/a><div class='ftg-social'><\/div><\/div><div  class='tile ftg-preload  '><a title=\"Stuc \u00e0 la chaux dans une salle de bain\" data-lightbox='ftg-22' rel='ftg-22'  class=' tile-inner  ftg-lightbox' href='https:\/\/www.lesterresdelouise.fr\/wp-content\/uploads\/2023\/11\/20220701_150321.jpg' ><img alt='Stuc \u00e0 la chaux dans une salle de bain' class='item skip-lazy' data-class='item' data-ftg-source='https:\/\/www.lesterresdelouise.fr\/wp-content\/uploads\/2023\/11\/20220701_150321.jpg' src='https:\/\/www.lesterresdelouise.fr\/wp-content\/uploads\/2023\/11\/20220701_150321.jpg' width='300' height='400' \/><div class='caption-block'><div class='text-wrapper'><span class='title'>Stuc \u00e0 la chaux dans une salle de bain<\/span><\/div><\/div><\/a><div class='ftg-social'><\/div><\/div><div  class='tile ftg-preload  '><a title=\"Stuc \u00e0 la chaux dans une salle de bain - zoom brillance mati\u00e8re\" data-lightbox='ftg-22' rel='ftg-22'  class=' tile-inner  ftg-lightbox' href='https:\/\/www.lesterresdelouise.fr\/wp-content\/uploads\/2023\/11\/20230704_114842_0005-768x1024.png' ><img alt='Stuc \u00e0 la chaux dans une salle de bain - zoom brillance mati\u00e8re' class='item skip-lazy' data-class='item' data-ftg-source='https:\/\/www.lesterresdelouise.fr\/wp-content\/uploads\/2023\/11\/20230704_114842_0005-768x1024.png' src='https:\/\/www.lesterresdelouise.fr\/wp-content\/uploads\/2023\/11\/20230704_114842_0005-768x1024.png' width='768' height='1024' \/><div class='caption-block'><div class='text-wrapper'><span class='title'>Stuc \u00e0 la chaux dans une salle de bain - zoom brillance mati\u00e8re<\/span><\/div><\/div><\/a><div class='ftg-social'><\/div><\/div><div  class='tile ftg-preload  '><a title=\"Chaux hydraulique-chanvre en finition liss\u00e9e\" data-lightbox='ftg-22' rel='ftg-22'  class=' tile-inner  ftg-lightbox' href='https:\/\/www.lesterresdelouise.fr\/wp-content\/uploads\/2023\/11\/20220321_145135.jpg' ><img alt='Chaux hydraulique-chanvre en finition liss\u00e9e' class='item skip-lazy' data-class='item' data-ftg-source='https:\/\/www.lesterresdelouise.fr\/wp-content\/uploads\/2023\/11\/20220321_145135.jpg' src='https:\/\/www.lesterresdelouise.fr\/wp-content\/uploads\/2023\/11\/20220321_145135.jpg' width='400' height='300' \/><div class='caption-block'><div class='text-wrapper'><span class='title'>Chaux hydraulique-chanvre en finition liss\u00e9e<\/span><\/div><\/div><\/a><div class='ftg-social'><\/div><\/div><div  class='tile ftg-preload  '><a title=\"Chaux hydraulique-chanvre en finition liss\u00e9e\" data-lightbox='ftg-22' rel='ftg-22'  class=' tile-inner  ftg-lightbox' href='https:\/\/www.lesterresdelouise.fr\/wp-content\/uploads\/2023\/11\/20220321_151825.jpg' ><img alt='Chaux hydraulique-chanvre en finition liss\u00e9e' class='item skip-lazy' data-class='item' data-ftg-source='https:\/\/www.lesterresdelouise.fr\/wp-content\/uploads\/2023\/11\/20220321_151825.jpg' src='https:\/\/www.lesterresdelouise.fr\/wp-content\/uploads\/2023\/11\/20220321_151825.jpg' width='300' height='400' \/><div class='caption-block'><div class='text-wrapper'><span class='title'>Chaux hydraulique-chanvre en finition liss\u00e9e<\/span><\/div><\/div><\/a><div class='ftg-social'><\/div><\/div><div  class='tile ftg-preload  '><a title=\"Chaux hydraulique-chanvre en finition liss\u00e9e\" data-lightbox='ftg-22' rel='ftg-22'  class=' tile-inner  ftg-lightbox' href='https:\/\/www.lesterresdelouise.fr\/wp-content\/uploads\/2023\/11\/20220321_144736.jpg' ><img alt='Chaux hydraulique-chanvre en finition liss\u00e9e' class='item skip-lazy' data-class='item' data-ftg-source='https:\/\/www.lesterresdelouise.fr\/wp-content\/uploads\/2023\/11\/20220321_144736.jpg' src='https:\/\/www.lesterresdelouise.fr\/wp-content\/uploads\/2023\/11\/20220321_144736.jpg' width='300' height='400' \/><div class='caption-block'><div class='text-wrapper'><span class='title'>Chaux hydraulique-chanvre en finition liss\u00e9e<\/span><\/div><\/div><\/a><div class='ftg-social'><\/div><\/div><div  class='tile ftg-preload  '><a title=\"Chaux-chanvre en finition liss\u00e9e\" data-lightbox='ftg-22' rel='ftg-22'  class=' tile-inner  ftg-lightbox' href='https:\/\/www.lesterresdelouise.fr\/wp-content\/uploads\/2023\/11\/20220321_144910.jpg' ><img alt='Chaux-chanvre en finition liss\u00e9e' class='item skip-lazy' data-class='item' data-ftg-source='https:\/\/www.lesterresdelouise.fr\/wp-content\/uploads\/2023\/11\/20220321_144910.jpg' src='https:\/\/www.lesterresdelouise.fr\/wp-content\/uploads\/2023\/11\/20220321_144910.jpg' width='300' height='400' \/><div class='caption-block'><div class='text-wrapper'><span class='title'>Chaux-chanvre en finition liss\u00e9e<\/span><\/div><\/div><\/a><div class='ftg-social'><\/div><\/div><div  class='tile ftg-preload  '><a title=\"Badigeon \u00e0 la chaux et pigments, sur placopl\u00e2tre\" data-lightbox='ftg-22' rel='ftg-22'  class=' tile-inner  ftg-lightbox' href='https:\/\/www.lesterresdelouise.fr\/wp-content\/uploads\/2023\/11\/Resized_20220525_191031.jpg' ><img alt='Badigeon \u00e0 la chaux et pigments, sur placopl\u00e2tre' class='item skip-lazy' data-class='item' data-ftg-source='https:\/\/www.lesterresdelouise.fr\/wp-content\/uploads\/2023\/11\/Resized_20220525_191031.jpg' src='https:\/\/www.lesterresdelouise.fr\/wp-content\/uploads\/2023\/11\/Resized_20220525_191031.jpg' width='300' height='400' \/><div class='caption-block'><div class='text-wrapper'><span class='title'>Badigeon \u00e0 la chaux et pigments, sur placopl\u00e2tre<\/span><span class='text'>Chantier r\u00e9alis\u00e9 en accompagnement <\/span><\/div><\/div><\/a><div class='ftg-social'><\/div><\/div><div  class='tile ftg-preload  '><a title=\"Badigeon \u00e0 la chaux et pigments, sur placopl\u00e2tre dans une salle de bain\" data-lightbox='ftg-22' rel='ftg-22'  class=' tile-inner  ftg-lightbox' href='https:\/\/www.lesterresdelouise.fr\/wp-content\/uploads\/2023\/11\/20220521_185609.jpg' ><img alt='Badigeon \u00e0 la chaux et pigments, sur placopl\u00e2tre dans une salle de bain' class='item skip-lazy' data-class='item' data-ftg-source='https:\/\/www.lesterresdelouise.fr\/wp-content\/uploads\/2023\/11\/20220521_185609.jpg' src='https:\/\/www.lesterresdelouise.fr\/wp-content\/uploads\/2023\/11\/20220521_185609.jpg' width='300' height='400' \/><div class='caption-block'><div class='text-wrapper'><span class='title'>Badigeon \u00e0 la chaux et pigments, sur placopl\u00e2tre dans une salle de bain<\/span><span class='text'>Chantier r\u00e9alis\u00e9 en accompagnement <\/span><\/div><\/div><\/a><div class='ftg-social'><\/div><\/div><div  class='tile ftg-preload  '><a title=\"Stuc \u00e0 la chaux et pigments\" data-lightbox='ftg-22' rel='ftg-22'  class=' tile-inner  ftg-lightbox' href='https:\/\/www.lesterresdelouise.fr\/wp-content\/uploads\/2023\/11\/Stuc-7-Copie-1024x768.jpg' ><img alt='Stuc \u00e0 la chaux et pigments' class='item skip-lazy' data-class='item' data-ftg-source='https:\/\/www.lesterresdelouise.fr\/wp-content\/uploads\/2023\/11\/Stuc-7-Copie-1024x768.jpg' src='https:\/\/www.lesterresdelouise.fr\/wp-content\/uploads\/2023\/11\/Stuc-7-Copie-1024x768.jpg' width='1024' height='768' \/><div class='caption-block'><div class='text-wrapper'><span class='title'>Stuc \u00e0 la chaux et pigments<\/span><span class='text'>Chantier r\u00e9alis\u00e9 avec St\u00e9phanie Paulet des \"B\u00e2tisses Heureuses\", et d'Aur\u00e9lie Mass\u00e9, de l'entreprise \"Mati\u00e8res Vivantes\"<\/span><\/div><\/div><\/a><div class='ftg-social'><\/div><\/div><div  class='tile ftg-preload  '><a title=\"Stuc \u00e0 la chaux et pigments\" data-lightbox='ftg-22' rel='ftg-22'  class=' tile-inner  ftg-lightbox' href='https:\/\/www.lesterresdelouise.fr\/wp-content\/uploads\/2023\/11\/Stuc.jpg' ><img alt='Stuc \u00e0 la chaux et pigments' class='item skip-lazy' data-class='item' data-ftg-source='https:\/\/www.lesterresdelouise.fr\/wp-content\/uploads\/2023\/11\/Stuc.jpg' src='https:\/\/www.lesterresdelouise.fr\/wp-content\/uploads\/2023\/11\/Stuc.jpg' width='300' height='450' \/><div class='caption-block'><div class='text-wrapper'><span class='title'>Stuc \u00e0 la chaux et pigments<\/span><span class='text'>Chantier r\u00e9alis\u00e9 avec St\u00e9phanie Paulet des \"B\u00e2tisses Heureuses\"<\/span><\/div><\/div><\/a><div class='ftg-social'><\/div><\/div><div  class='tile ftg-preload  '><a title=\"Enduit de finition chaux-sable\" data-lightbox='ftg-22' rel='ftg-22'  class=' tile-inner  ftg-lightbox' href='https:\/\/www.lesterresdelouise.fr\/wp-content\/uploads\/2023\/11\/20210401_105714.jpg' ><img alt='Enduit de finition chaux-sable' class='item skip-lazy' data-class='item' data-ftg-source='https:\/\/www.lesterresdelouise.fr\/wp-content\/uploads\/2023\/11\/20210401_105714.jpg' src='https:\/\/www.lesterresdelouise.fr\/wp-content\/uploads\/2023\/11\/20210401_105714.jpg' width='533' height='300' \/><div class='caption-block'><div class='text-wrapper'><span class='title'>Enduit de finition chaux-sable<\/span><span class='text'>Chantier r\u00e9alis\u00e9 en stage au sein de l'entreprise \"Badigeon &amp; Compagnie\"<\/span><\/div><\/div><\/a><div class='ftg-social'><\/div><\/div><div  class='tile ftg-preload  '><a title=\"Enduit de finition chaux-sable\" data-lightbox='ftg-22' rel='ftg-22'  class=' tile-inner  ftg-lightbox' href='https:\/\/www.lesterresdelouise.fr\/wp-content\/uploads\/2023\/11\/2_Enduit_mince_4.jpg' ><img alt='Enduit de finition chaux-sable' class='item skip-lazy' data-class='item' data-ftg-source='https:\/\/www.lesterresdelouise.fr\/wp-content\/uploads\/2023\/11\/2_Enduit_mince_4.jpg' src='https:\/\/www.lesterresdelouise.fr\/wp-content\/uploads\/2023\/11\/2_Enduit_mince_4.jpg' width='400' height='300' \/><div class='caption-block'><div class='text-wrapper'><span class='title'>Enduit de finition chaux-sable<\/span><span class='text'>Chantier \u00e9cole r\u00e9alis\u00e9 en formation au sein de l\u2019EEAM d'Albi<\/span><\/div><\/div><\/a><div class='ftg-social'><\/div><\/div><div  class='tile ftg-preload  '><a title=\"Enduit de finition chaux et badigeon color\u00e9\" data-lightbox='ftg-22' rel='ftg-22'  class=' tile-inner  ftg-lightbox' href='https:\/\/www.lesterresdelouise.fr\/wp-content\/uploads\/2025\/06\/20230609_094201-768x1024.jpg' ><img alt='Enduit de finition chaux et badigeon color\u00e9' class='item skip-lazy' data-class='item' data-ftg-source='https:\/\/www.lesterresdelouise.fr\/wp-content\/uploads\/2025\/06\/20230609_094201-768x1024.jpg' src='https:\/\/www.lesterresdelouise.fr\/wp-content\/uploads\/2025\/06\/20230609_094201-768x1024.jpg' width='768' height='1024' \/><div class='caption-block'><div class='text-wrapper'><span class='title'>Enduit de finition chaux et badigeon color\u00e9<\/span><span class='text'>Chantier r\u00e9alis\u00e9 avec Aur\u00e9lie Mass\u00e9 de l'entreprise \"Mati\u00e8res Vivantes\"<\/span><\/div><\/div><\/a><div class='ftg-social'><\/div><\/div><div  class='tile ftg-preload  '><a title=\"Joint de pierre \u00e0 la chaux, finition gratt\u00e9e\" data-lightbox='ftg-22' rel='ftg-22'  class=' tile-inner  ftg-lightbox' href='https:\/\/www.lesterresdelouise.fr\/wp-content\/uploads\/2025\/06\/20240806_182335-768x1024.jpg' ><img alt='Joint de pierre \u00e0 la chaux, finition gratt\u00e9e' class='item skip-lazy' data-class='item' data-ftg-source='https:\/\/www.lesterresdelouise.fr\/wp-content\/uploads\/2025\/06\/20240806_182335-768x1024.jpg' src='https:\/\/www.lesterresdelouise.fr\/wp-content\/uploads\/2025\/06\/20240806_182335-768x1024.jpg' width='768' height='1024' \/><div class='caption-block'><div class='text-wrapper'><span class='title'>Joint de pierre \u00e0 la chaux, finition gratt\u00e9e<\/span><span class='text'>Chantier r\u00e9alis\u00e9 en accompagnement<\/span><\/div><\/div><\/a><div class='ftg-social'><\/div><\/div><div  class='tile ftg-preload  '><a title=\"Enduit de finition chaux color\u00e9, finition taloch\u00e9e\" data-lightbox='ftg-22' rel='ftg-22'  class=' tile-inner  ftg-lightbox' href='https:\/\/www.lesterresdelouise.fr\/wp-content\/uploads\/2025\/06\/20250411_101744-768x1024.jpg' ><img alt='Enduit de finition chaux color\u00e9, finition taloch\u00e9e' class='item skip-lazy' data-class='item' data-ftg-source='https:\/\/www.lesterresdelouise.fr\/wp-content\/uploads\/2025\/06\/20250411_101744-768x1024.jpg' src='https:\/\/www.lesterresdelouise.fr\/wp-content\/uploads\/2025\/06\/20250411_101744-768x1024.jpg' width='768' height='1024' \/><div class='caption-block'><div class='text-wrapper'><span class='title'>Enduit de finition chaux color\u00e9, finition taloch\u00e9e<\/span><\/div><\/div><\/a><div class='ftg-social'><\/div><\/div><\/div><\/div>\n\n\n\n<div style=\"height:72px\" aria-hidden=\"true\" class=\"wp-block-spacer\"><\/div>\n\n\n\n<div class=\"wp-block-buttons is-horizontal is-content-justification-center is-layout-flex wp-container-core-buttons-is-layout-499968f5 wp-block-buttons-is-layout-flex\">\n<div class=\"wp-block-button\"><a class=\"wp-block-button__link has-accent-1-background-color has-background wp-element-button\" href=\"https:\/\/www.lesterresdelouise.fr\/?page_id=239\" style=\"border-radius:50px\">Voir la suite : Mati\u00e8res, textures, couleurs<\/a><\/div>\n<\/div>\n","protected":false},"excerpt":{"rendered":"<p>Voici un petit aper\u00e7u de r\u00e9alisations \u00e0 base de chaux ! \u00b7 Bonne d\u00e9couverte \u00b7<\/p>\n","protected":false},"author":1,"featured_media":0,"parent":0,"menu_order":0,"comment_status":"closed","ping_status":"closed","template":"","meta":{"footnotes":""},"class_list":["post-241","page","type-page","status-publish","hentry"],"_links":{"self":[{"href":"https:\/\/www.lesterresdelouise.fr\/index.php?rest_route=\/wp\/v2\/pages\/241","targetHints":{"allow":["GET"]}}],"collection":[{"href":"https:\/\/www.lesterresdelouise.fr\/index.php?rest_route=\/wp\/v2\/pages"}],"about":[{"href":"https:\/\/www.lesterresdelouise.fr\/index.php?rest_route=\/wp\/v2\/types\/page"}],"author":[{"embeddable":true,"href":"https:\/\/www.lesterresdelouise.fr\/index.php?rest_route=\/wp\/v2\/users\/1"}],"replies":[{"embeddable":true,"href":"https:\/\/www.lesterresdelouise.fr\/index.php?rest_route=%2Fwp%2Fv2%2Fcomments&post=241"}],"version-history":[{"count":7,"href":"https:\/\/www.lesterresdelouise.fr\/index.php?rest_route=\/wp\/v2\/pages\/241\/revisions"}],"predecessor-version":[{"id":740,"href":"https:\/\/www.lesterresdelouise.fr\/index.php?rest_route=\/wp\/v2\/pages\/241\/revisions\/740"}],"wp:attachment":[{"href":"https:\/\/www.lesterresdelouise.fr\/index.php?rest_route=%2Fwp%2Fv2%2Fmedia&parent=241"}],"curies":[{"name":"wp","href":"https:\/\/api.w.org\/{rel}","templated":true}]}}