{"id":369,"date":"2022-01-10T11:56:11","date_gmt":"2022-01-10T10:56:11","guid":{"rendered":"https:\/\/www.lesterresdelouise.fr\/?page_id=369"},"modified":"2023-12-08T16:19:27","modified_gmt":"2023-12-08T15:19:27","slug":"terre-2","status":"publish","type":"page","link":"https:\/\/www.lesterresdelouise.fr\/?page_id=369","title":{"rendered":"Terre"},"content":{"rendered":"<div class=\"wp-block-image is-style-rounded\">\n<figure class=\"aligncenter size-full is-resized\"><img loading=\"lazy\" decoding=\"async\" width=\"912\" height=\"608\" src=\"https:\/\/www.lesterresdelouise.fr\/wp-content\/uploads\/2022\/01\/5-Barbotine-1.jpg\" alt=\"\" class=\"wp-image-385\" style=\"width:467px;height:311px\" srcset=\"https:\/\/www.lesterresdelouise.fr\/wp-content\/uploads\/2022\/01\/5-Barbotine-1.jpg 912w, https:\/\/www.lesterresdelouise.fr\/wp-content\/uploads\/2022\/01\/5-Barbotine-1-300x200.jpg 300w, https:\/\/www.lesterresdelouise.fr\/wp-content\/uploads\/2022\/01\/5-Barbotine-1-768x512.jpg 768w, https:\/\/www.lesterresdelouise.fr\/wp-content\/uploads\/2022\/01\/5-Barbotine-1-450x300.jpg 450w\" sizes=\"auto, (max-width: 912px) 100vw, 912px\" \/><\/figure>\n<\/div>\n\n\n<p class=\"has-text-align-center\" style=\"font-size:22px\"><em>LA TERRE<\/em><\/p>\n\n\n\n<div style=\"height:30px\" aria-hidden=\"true\" class=\"wp-block-spacer\"><\/div>\n\n\n\n<p id=\"block-d3f255fb-2478-486f-ab0f-267f4c9fa6a9\">La terre, ou plut\u00f4t la terre argileuse (parce que toutes les terres ne le sont pas), c&rsquo;est <strong>LE<\/strong> mat\u00e9riau de construction \u00e9cologique et naturel.<\/p>\n\n\n\n<p id=\"block-82ba16ff-7f5f-45af-811a-efc4d1556538\">Cela tient notamment au fait qu&rsquo;en soi son <strong>cycle de vie est infini<\/strong>. Ainsi, lorsqu&rsquo;elle est extraite d&rsquo;une carri\u00e8re pr\u00e8s de chez vous ou de votre terrain, puis transform\u00e9e sur place, et si aucun adjuvant toxique n&rsquo;a \u00e9t\u00e9 ajout\u00e9, alors vous pouvez tr\u00e8s bien l&rsquo;enlever de vos murs pour la remettre dans votre jardin. <em>La terre retourne \u00e0 la terre.<\/em><\/p>\n\n\n\n<div style=\"height:22px\" aria-hidden=\"true\" class=\"wp-block-spacer\"><\/div>\n\n\n\n<p id=\"block-0f1c9048-7df9-4676-b166-c35333049f25\">L&rsquo;enduit terre poss\u00e8de bien d&rsquo;autres atouts :<\/p>\n\n\n\n<ul class=\"wp-block-list\" id=\"block-6ee6402b-5549-4c7d-aea8-18a6954a0f4a\">\n<li>Une<strong> inertie thermique<\/strong>, en accumulant et restituant d&rsquo;importantes quantit\u00e9s de chaleur, ce qui fait de lui le parfait alli\u00e9 de votre isolation en botte de paille !<\/li>\n\n\n\n<li>Une forte <strong>r\u00e9gulation de l&rsquo;hygrom\u00e9trie<\/strong> par sa perspirance, c&rsquo;est-\u00e0-dire que la terre laisse passer la vapeur d&rsquo;eau mais pas l&rsquo;eau liquide. Elle stocke et destocke une partie de l&rsquo;humidit\u00e9 de l&rsquo;air, ce qui, pour les murs, en fait aussi une bonne protection contre l&rsquo;humidit\u00e9. <\/li>\n\n\n\n<li>Une <strong>absorption des odeurs<\/strong>, <strong>des bruits<\/strong> pour un remarquable <strong>confort acoustique<\/strong>.<\/li>\n\n\n\n<li>Une grande <strong>libert\u00e9 de cr\u00e9ation<\/strong> : des volumes avec l&rsquo;ajout de <a href=\"https:\/\/www.lesterresdelouise.fr\/?page_id=239\" data-type=\"URL\" data-id=\"https:\/\/www.lesterresdelouise.fr\/?page_id=239\">fibres, des couleurs, des finitions<\/a> (fibr\u00e9es, \u00e9pong\u00e9es, liss\u00e9es, taloch\u00e9es) ou encore des <a href=\"https:\/\/www.lesterresdelouise.fr\/?page_id=240\">d\u00e9cors<\/a>. Imaginons cela ensemble !<\/li>\n\n\n\n<li>Un enduit que l&rsquo;on peut mettre (presque) <strong>partout<\/strong>. L&rsquo;ext\u00e9rieur n&rsquo;est pas conseill\u00e9, mais \u00e0 l&rsquo;<strong>int\u00e9rieur pas de limites<\/strong>, m\u00eame dans la salle de bain ! Vous l&rsquo;aurez compris, il faut simplement lui \u00e9pargner les points d&rsquo;eau directs.<\/li>\n<\/ul>\n\n\n\n<div style=\"height:22px\" aria-hidden=\"true\" class=\"wp-block-spacer\"><\/div>\n\n\n\n<p id=\"block-fd03cedd-68fb-4db5-a9f1-f422e75b8150\">En d\u00e9finitive, la terre c&rsquo;est le mat\u00e9riau qui apporte confort et bien-\u00eatre, que ce soit dans la mise en \u0153uvre ou dans l&rsquo;exp\u00e9rience au quotidien. Douceur, chaleur et harmonie pour un int\u00e9rieur qui vous ressemble !<\/p>\n\n\n\n<div style=\"height:68px\" aria-hidden=\"true\" class=\"wp-block-spacer\"><\/div>\n\n\n\n<p class=\"has-text-align-center\">Venez d\u00e9couvrir les autres mat\u00e9riaux que j&rsquo;utilise en cliquant !<\/p>\n\n\n\n<div class=\"wp-block-buttons is-horizontal is-content-justification-center is-layout-flex wp-container-core-buttons-is-layout-499968f5 wp-block-buttons-is-layout-flex\">\n<div class=\"wp-block-button is-style-fill\"><a class=\"wp-block-button__link has-sitebg-color has-accent-2-background-color has-text-color has-background wp-element-button\" href=\"https:\/\/www.lesterresdelouise.fr\/?page_id=371\" style=\"border-radius:50px\">Chaux<\/a><\/div>\n\n\n\n<div class=\"wp-block-button\"><a class=\"wp-block-button__link has-accent-2-background-color has-background wp-element-button\" href=\"https:\/\/www.lesterresdelouise.fr\/?page_id=372\" style=\"border-radius:50px\">Pl\u00e2tre<\/a><\/div>\n<\/div>\n","protected":false},"excerpt":{"rendered":"<p>LA TERRE La terre, ou plut\u00f4t la terre argileuse (parce que toutes les terres ne le sont pas), c&rsquo;est LE mat\u00e9riau de construction \u00e9cologique et &hellip;<\/p>\n","protected":false},"author":1,"featured_media":0,"parent":0,"menu_order":0,"comment_status":"closed","ping_status":"closed","template":"","meta":{"footnotes":""},"class_list":["post-369","page","type-page","status-publish","hentry"],"_links":{"self":[{"href":"https:\/\/www.lesterresdelouise.fr\/index.php?rest_route=\/wp\/v2\/pages\/369","targetHints":{"allow":["GET"]}}],"collection":[{"href":"https:\/\/www.lesterresdelouise.fr\/index.php?rest_route=\/wp\/v2\/pages"}],"about":[{"href":"https:\/\/www.lesterresdelouise.fr\/index.php?rest_route=\/wp\/v2\/types\/page"}],"author":[{"embeddable":true,"href":"https:\/\/www.lesterresdelouise.fr\/index.php?rest_route=\/wp\/v2\/users\/1"}],"replies":[{"embeddable":true,"href":"https:\/\/www.lesterresdelouise.fr\/index.php?rest_route=%2Fwp%2Fv2%2Fcomments&post=369"}],"version-history":[{"count":24,"href":"https:\/\/www.lesterresdelouise.fr\/index.php?rest_route=\/wp\/v2\/pages\/369\/revisions"}],"predecessor-version":[{"id":732,"href":"https:\/\/www.lesterresdelouise.fr\/index.php?rest_route=\/wp\/v2\/pages\/369\/revisions\/732"}],"wp:attachment":[{"href":"https:\/\/www.lesterresdelouise.fr\/index.php?rest_route=%2Fwp%2Fv2%2Fmedia&parent=369"}],"curies":[{"name":"wp","href":"https:\/\/api.w.org\/{rel}","templated":true}]}}