{"id":372,"date":"2022-01-10T11:56:11","date_gmt":"2022-01-10T10:56:11","guid":{"rendered":"https:\/\/www.lesterresdelouise.fr\/?page_id=372"},"modified":"2023-12-08T16:21:50","modified_gmt":"2023-12-08T15:21:50","slug":"platre-2","status":"publish","type":"page","link":"https:\/\/www.lesterresdelouise.fr\/?page_id=372","title":{"rendered":"Pl\u00e2tre"},"content":{"rendered":"<div class=\"wp-block-image is-style-rounded\">\n<figure class=\"aligncenter size-large is-resized\"><img loading=\"lazy\" decoding=\"async\" width=\"1024\" height=\"639\" src=\"https:\/\/www.lesterresdelouise.fr\/wp-content\/uploads\/2022\/01\/20210210_150506-1024x639.jpg\" alt=\"\" class=\"wp-image-415\" style=\"width:378px;height:236px\" srcset=\"https:\/\/www.lesterresdelouise.fr\/wp-content\/uploads\/2022\/01\/20210210_150506-1024x639.jpg 1024w, https:\/\/www.lesterresdelouise.fr\/wp-content\/uploads\/2022\/01\/20210210_150506-300x187.jpg 300w, https:\/\/www.lesterresdelouise.fr\/wp-content\/uploads\/2022\/01\/20210210_150506-768x479.jpg 768w, https:\/\/www.lesterresdelouise.fr\/wp-content\/uploads\/2022\/01\/20210210_150506-1536x958.jpg 1536w, https:\/\/www.lesterresdelouise.fr\/wp-content\/uploads\/2022\/01\/20210210_150506-2048x1277.jpg 2048w, https:\/\/www.lesterresdelouise.fr\/wp-content\/uploads\/2022\/01\/20210210_150506-481x300.jpg 481w\" sizes=\"auto, (max-width: 1024px) 100vw, 1024px\" \/><\/figure>\n<\/div>\n\n\n<p class=\"has-text-align-center\" style=\"font-size:22px\"><em>LE PL\u00c2TRE<\/em><\/p>\n\n\n\n<div style=\"height:27px\" aria-hidden=\"true\" class=\"wp-block-spacer\"><\/div>\n\n\n\n<p>Le pl\u00e2tre est issu de la cuisson du <strong>gypse<\/strong>, \u00e0 des temp\u00e9ratures comprises entre 150\u00b0 et 170\u00b0, et est utilis\u00e9 comme mat\u00e9riau de construction. Principalement connu pour la r\u00e9alisation d&rsquo;<strong>\u00e9l\u00e9ments pr\u00e9fabriqu\u00e9s<\/strong> tels que le placo, le pl\u00e2tre peut s&#8217;employer dans d&rsquo;autres domaines : en <strong>staff<\/strong> (ornements faits en atelier, comme les moulures), en <strong>gypserie<\/strong> (ornements faits sur place) et bien s\u00fbr en <strong>enduits d\u00e9coratifs<\/strong> !<\/p>\n\n\n\n<div style=\"height:21px\" aria-hidden=\"true\" class=\"wp-block-spacer\"><\/div>\n\n\n\n<p>Les enduits de pl\u00e2tre ont bien des qualit\u00e9s :  <\/p>\n\n\n\n<ul class=\"wp-block-list\">\n<li>Une <strong>r\u00e9sistance \u00e0 la compression<\/strong> (\u224810 Mpa), ce qui en fait un mat\u00e9riau souple et r\u00e9sistant dans le temps, avec une bonne duret\u00e9 ; \u00e0 condition bien entendu de lui \u00e9viter les probl\u00e8mes d&rsquo;humidit\u00e9 !<\/li>\n\n\n\n<li>Une excellente <strong>r\u00e9sistance au feu<\/strong>, nous pouvons m\u00eame dire que c&rsquo;est un mat\u00e9riau ignifuge.<\/li>\n\n\n\n<li>Un bon <strong>isolant thermique <\/strong>: le pl\u00e2tre \u00e9tant un mauvais conducteur thermique, cela lui conf\u00e8re des qualit\u00e9s d&rsquo;isolant.<\/li>\n\n\n\n<li>Une <strong>blancheur<\/strong> et <strong>finition liss\u00e9e<\/strong> unique, notamment d\u00fb au fait que cette mati\u00e8re n&rsquo;a pas n\u00e9cessairement besoin d&rsquo;une charge pour se tenir. Cela lui permet \u00e9galement de supporter des <strong>\u00e9paisseurs importantes<\/strong> d&rsquo;enduit.<\/li>\n\n\n\n<li>Une <strong>recyclabilit\u00e9<\/strong> : en principe, s&rsquo;il n&rsquo;a pas \u00e9t\u00e9 m\u00e9lang\u00e9 \u00e0 des adjuvants chimiques, le pl\u00e2tre peut \u00eatre recuit pour \u00eatre \u00e0 nouveau employ\u00e9 dans des enduits.<a href=\"https:\/\/fr.wikipedia.org\/wiki\/Pl%C3%A2tre#Pl%C3%A2tre_et_environnement\"><\/a><\/li>\n<\/ul>\n\n\n\n<div style=\"height:21px\" aria-hidden=\"true\" class=\"wp-block-spacer\"><\/div>\n\n\n\n<p>Finalement, bien que le pl\u00e2tre s&#8217;emploie dans des cas sp\u00e9cifiques (suivant le support, la destination de l&rsquo;enduit etc.), il reste une mati\u00e8re remplie de <a href=\"https:\/\/www.lesterresdelouise.fr\/?page_id=239\">possibilit\u00e9s<\/a>. Et ce, que ce soit en m\u00e9lange avec des <strong>pigments<\/strong>, des <strong>fibres<\/strong> (paillette de lin, cosse de riz), de la <strong>terre<\/strong>, du <strong>sable<\/strong> ; ou encore en <strong>finition gratt\u00e9e<\/strong>, <strong>liss\u00e9e<\/strong>, <strong>\u00e9pong\u00e9e<\/strong>. \u00c0 nous de l&rsquo;imaginer ensemble !<\/p>\n\n\n\n<div style=\"height:70px\" aria-hidden=\"true\" class=\"wp-block-spacer\"><\/div>\n\n\n\n<p class=\"has-text-align-center\">Venez d\u00e9couvrir les autres mat\u00e9riaux que j&rsquo;utilise en cliquant !<\/p>\n\n\n\n<div class=\"wp-block-buttons is-horizontal is-content-justification-center is-layout-flex wp-container-core-buttons-is-layout-499968f5 wp-block-buttons-is-layout-flex\">\n<div class=\"wp-block-button is-style-fill\"><a class=\"wp-block-button__link has-sitebg-color has-accent-2-background-color has-text-color has-background wp-element-button\" href=\"https:\/\/www.lesterresdelouise.fr\/?page_id=369\" style=\"border-radius:50px\">Terre<\/a><\/div>\n\n\n\n<div class=\"wp-block-button\"><a class=\"wp-block-button__link has-accent-2-background-color has-background wp-element-button\" href=\"https:\/\/www.lesterresdelouise.fr\/?page_id=371\" style=\"border-radius:50px\">Chaux<\/a><\/div>\n<\/div>\n","protected":false},"excerpt":{"rendered":"<p>LE PL\u00c2TRE Le pl\u00e2tre est issu de la cuisson du gypse, \u00e0 des temp\u00e9ratures comprises entre 150\u00b0 et 170\u00b0, et est utilis\u00e9 comme mat\u00e9riau de &hellip;<\/p>\n","protected":false},"author":1,"featured_media":0,"parent":0,"menu_order":0,"comment_status":"closed","ping_status":"closed","template":"","meta":{"footnotes":""},"class_list":["post-372","page","type-page","status-publish","hentry"],"_links":{"self":[{"href":"https:\/\/www.lesterresdelouise.fr\/index.php?rest_route=\/wp\/v2\/pages\/372","targetHints":{"allow":["GET"]}}],"collection":[{"href":"https:\/\/www.lesterresdelouise.fr\/index.php?rest_route=\/wp\/v2\/pages"}],"about":[{"href":"https:\/\/www.lesterresdelouise.fr\/index.php?rest_route=\/wp\/v2\/types\/page"}],"author":[{"embeddable":true,"href":"https:\/\/www.lesterresdelouise.fr\/index.php?rest_route=\/wp\/v2\/users\/1"}],"replies":[{"embeddable":true,"href":"https:\/\/www.lesterresdelouise.fr\/index.php?rest_route=%2Fwp%2Fv2%2Fcomments&post=372"}],"version-history":[{"count":11,"href":"https:\/\/www.lesterresdelouise.fr\/index.php?rest_route=\/wp\/v2\/pages\/372\/revisions"}],"predecessor-version":[{"id":733,"href":"https:\/\/www.lesterresdelouise.fr\/index.php?rest_route=\/wp\/v2\/pages\/372\/revisions\/733"}],"wp:attachment":[{"href":"https:\/\/www.lesterresdelouise.fr\/index.php?rest_route=%2Fwp%2Fv2%2Fmedia&parent=372"}],"curies":[{"name":"wp","href":"https:\/\/api.w.org\/{rel}","templated":true}]}}