{"id":477,"date":"2022-01-13T10:53:37","date_gmt":"2022-01-13T09:53:37","guid":{"rendered":"https:\/\/www.lesterresdelouise.fr\/?page_id=477"},"modified":"2023-12-08T16:28:35","modified_gmt":"2023-12-08T15:28:35","slug":"accompagnement-et-conseils","status":"publish","type":"page","link":"https:\/\/www.lesterresdelouise.fr\/?page_id=477","title":{"rendered":"Accompagnement et conseils"},"content":{"rendered":"<div class=\"wp-block-image\">\n<figure class=\"aligncenter size-large is-resized\"><img loading=\"lazy\" decoding=\"async\" width=\"1024\" height=\"640\" src=\"https:\/\/www.lesterresdelouise.fr\/wp-content\/uploads\/2023\/12\/IMG-20220503-WA0013-1024x640.jpg\" alt=\"\" class=\"wp-image-712\" style=\"width:598px;height:auto\" srcset=\"https:\/\/www.lesterresdelouise.fr\/wp-content\/uploads\/2023\/12\/IMG-20220503-WA0013-1024x640.jpg 1024w, https:\/\/www.lesterresdelouise.fr\/wp-content\/uploads\/2023\/12\/IMG-20220503-WA0013-300x188.jpg 300w, https:\/\/www.lesterresdelouise.fr\/wp-content\/uploads\/2023\/12\/IMG-20220503-WA0013-768x480.jpg 768w, https:\/\/www.lesterresdelouise.fr\/wp-content\/uploads\/2023\/12\/IMG-20220503-WA0013-480x300.jpg 480w, https:\/\/www.lesterresdelouise.fr\/wp-content\/uploads\/2023\/12\/IMG-20220503-WA0013.jpg 1163w\" sizes=\"auto, (max-width: 1024px) 100vw, 1024px\" \/><\/figure>\n<\/div>\n\n\n<div style=\"height:40px\" aria-hidden=\"true\" class=\"wp-block-spacer\"><\/div>\n\n\n\n<p class=\"has-text-align-center\" style=\"font-size:20px\"><em>Vous avez envie de mettre la main \u00e0 la p\u00e2te et du c\u0153ur \u00e0 l&rsquo;ouvrage ?<\/em> <\/p>\n\n\n\n<div style=\"height:27px\" aria-hidden=\"true\" class=\"wp-block-spacer\"><\/div>\n\n\n\n<p class=\"has-text-align-center\">Si vous avez le d\u00e9sir de participer, de vous r\u00e9approprier votre maison, de cr\u00e9er votre espace de vie, un lieu qui vous ressemble ; mais que vous ne savez pas faire ni par o\u00f9 commencer : <\/p>\n\n\n\n<p class=\"has-text-align-center\"><strong>Je propose aussi de vous accompagner et vous conseiller dans votre projet de chantier.                                                                               En direct ou m\u00eame en format chantier participatif, sur plusieurs journ\u00e9es suivant vos besoins et envies, les possibilit\u00e9s li\u00e9s au support et mati\u00e8res etc. <\/strong><\/p>\n\n\n\n<div style=\"height:14px\" aria-hidden=\"true\" class=\"wp-block-spacer\"><\/div>\n\n\n\n<p class=\"has-text-align-center\">L&rsquo;id\u00e9e c&rsquo;est de transmettre mes connaissances, de comprendre ensemble les enjeux et technicit\u00e9s des mat\u00e9riaux mis en \u0153uvre et, bien-s\u00fbr, d&rsquo;acqu\u00e9rir de l&rsquo;autonomie pour continuer seuls et plus sereins vos projets.<\/p>\n\n\n\n<div style=\"height:38px\" aria-hidden=\"true\" class=\"wp-block-spacer\"><\/div>\n\n\n\n<p class=\"has-text-align-center\">Pour les d\u00e9tails, n&rsquo;h\u00e9sitez donc pas \u00e0 prendre contact avec moi, nous verrons ensemble comment r\u00e9pondre le mieux \u00e0 vos demandes !<\/p>\n\n\n\n<div style=\"height:22px\" aria-hidden=\"true\" class=\"wp-block-spacer\"><\/div>\n","protected":false},"excerpt":{"rendered":"<p>Vous avez envie de mettre la main \u00e0 la p\u00e2te et du c\u0153ur \u00e0 l&rsquo;ouvrage ? Si vous avez le d\u00e9sir de participer, de vous &hellip;<\/p>\n","protected":false},"author":1,"featured_media":0,"parent":0,"menu_order":0,"comment_status":"closed","ping_status":"closed","template":"","meta":{"footnotes":""},"class_list":["post-477","page","type-page","status-publish","hentry"],"_links":{"self":[{"href":"https:\/\/www.lesterresdelouise.fr\/index.php?rest_route=\/wp\/v2\/pages\/477","targetHints":{"allow":["GET"]}}],"collection":[{"href":"https:\/\/www.lesterresdelouise.fr\/index.php?rest_route=\/wp\/v2\/pages"}],"about":[{"href":"https:\/\/www.lesterresdelouise.fr\/index.php?rest_route=\/wp\/v2\/types\/page"}],"author":[{"embeddable":true,"href":"https:\/\/www.lesterresdelouise.fr\/index.php?rest_route=\/wp\/v2\/users\/1"}],"replies":[{"embeddable":true,"href":"https:\/\/www.lesterresdelouise.fr\/index.php?rest_route=%2Fwp%2Fv2%2Fcomments&post=477"}],"version-history":[{"count":16,"href":"https:\/\/www.lesterresdelouise.fr\/index.php?rest_route=\/wp\/v2\/pages\/477\/revisions"}],"predecessor-version":[{"id":738,"href":"https:\/\/www.lesterresdelouise.fr\/index.php?rest_route=\/wp\/v2\/pages\/477\/revisions\/738"}],"wp:attachment":[{"href":"https:\/\/www.lesterresdelouise.fr\/index.php?rest_route=%2Fwp%2Fv2%2Fmedia&parent=477"}],"curies":[{"name":"wp","href":"https:\/\/api.w.org\/{rel}","templated":true}]}}