{"id":7,"date":"2021-08-11T22:23:34","date_gmt":"2021-08-11T20:23:34","guid":{"rendered":"http:\/\/jqttxgf.cluster031.hosting.ovh.net\/?page_id=7"},"modified":"2025-06-24T12:36:49","modified_gmt":"2025-06-24T10:36:49","slug":"a-propos-de","status":"publish","type":"page","link":"https:\/\/www.lesterresdelouise.fr\/?page_id=7","title":{"rendered":"\u00c0 propos"},"content":{"rendered":"\n<p><\/p>\n\n\n<div class=\"wp-block-image is-style-rounded\">\n<figure class=\"aligncenter size-full\"><img loading=\"lazy\" decoding=\"async\" width=\"500\" height=\"281\" src=\"https:\/\/www.lesterresdelouise.fr\/wp-content\/uploads\/2022\/01\/20210331_104441-Copie-2.jpg\" alt=\"\" class=\"wp-image-175\" srcset=\"https:\/\/www.lesterresdelouise.fr\/wp-content\/uploads\/2022\/01\/20210331_104441-Copie-2.jpg 500w, https:\/\/www.lesterresdelouise.fr\/wp-content\/uploads\/2022\/01\/20210331_104441-Copie-2-300x169.jpg 300w, https:\/\/www.lesterresdelouise.fr\/wp-content\/uploads\/2022\/01\/20210331_104441-Copie-2-496x279.jpg 496w\" sizes=\"auto, (max-width: 500px) 100vw, 500px\" \/><\/figure>\n<\/div>\n\n\n<div style=\"height:24px\" aria-hidden=\"true\" class=\"wp-block-spacer\"><\/div>\n\n\n\n<p class=\"has-text-align-center\"><strong>Les Terres de Louise<\/strong> c&rsquo;est une entreprise cr\u00e9\u00e9e en 2021 par <strong>Louise Fr\u00e9meau<\/strong>.<\/p>\n\n\n\n<hr class=\"wp-block-separator has-css-opacity is-style-dots\"\/>\n\n\n\n<p class=\"has-text-align-center\">Apr\u00e8s des \u00e9tudes en \u00ab Histoire de l&rsquo;Art et Arch\u00e9ologie \u00bb \u00e0 Besan\u00e7on, puis quelques ann\u00e9es \u00e0 exp\u00e9rimenter dans le r\u00e9el (woofing, travail de la vigne, chantiers participatifs), j&rsquo;ai continu\u00e9 mon chemin jusqu&rsquo;\u00e0 Albi.<\/p>\n\n\n\n<p class=\"has-text-align-center\">J&rsquo;y ai choisi d&rsquo;apprendre les diff\u00e9rentes techniques d&rsquo;enduit traditionnel et naturel en suivant la formation longue <strong>\u00ab Mati\u00e9riste-coloriste en d\u00e9cor mural \u00bb<\/strong> \u00e0 l&rsquo;\u00c9cole Europ\u00e9enne de l&rsquo;Art et des Mati\u00e8res.<\/p>\n\n\n\n<p class=\"has-text-align-center\">Maintenant en <strong>Ard\u00e8che<\/strong>, j&rsquo;ai la volont\u00e9 de r\u00e9int\u00e9grer ces connaissances ancestrales dans les techniques de construction actuelles, notamment l&#8217;emploi de la <strong>terre<\/strong>. Le principal de mon activit\u00e9 est donc tourn\u00e9 vers la <strong>pr\u00e9paration<\/strong> et la <strong>pose<\/strong> d&rsquo;enduit naturel \u00e0 but d\u00e9coratif, que ce soit en construction neuve ou en r\u00e9novation. Je concentre mes d\u00e9placements autour du <strong>bassin d&rsquo;Aubenas<\/strong>, mais je continue \u00e0 me d\u00e9placer dans <strong>toute la France<\/strong> en fonction du projet.<\/p>\n\n\n\n<hr class=\"wp-block-separator has-css-opacity is-style-dots\"\/>\n\n\n\n<p class=\"has-text-align-center\">\ud83d\udc47 Pour me contacter c&rsquo;est par ici \ud83d\udc47  <\/p>\n\n\n\n<div class=\"wp-block-buttons is-content-justification-center is-layout-flex wp-container-core-buttons-is-layout-16018d1d wp-block-buttons-is-layout-flex\">\n<div class=\"wp-block-button is-style-fill\"><a class=\"wp-block-button__link has-accent-2-background-color has-background has-text-align-center wp-element-button\" href=\"https:\/\/www.lesterresdelouise.fr\/?page_id=8\">Contact<\/a><\/div>\n<\/div>\n\n\n\n<p><\/p>\n","protected":false},"excerpt":{"rendered":"<p>Les Terres de Louise c&rsquo;est une entreprise cr\u00e9\u00e9e en 2021 par Louise Fr\u00e9meau. Apr\u00e8s des \u00e9tudes en \u00ab Histoire de l&rsquo;Art et Arch\u00e9ologie \u00bb \u00e0 &hellip;<\/p>\n","protected":false},"author":1,"featured_media":0,"parent":0,"menu_order":0,"comment_status":"closed","ping_status":"closed","template":"","meta":{"footnotes":""},"class_list":["post-7","page","type-page","status-publish","hentry"],"_links":{"self":[{"href":"https:\/\/www.lesterresdelouise.fr\/index.php?rest_route=\/wp\/v2\/pages\/7","targetHints":{"allow":["GET"]}}],"collection":[{"href":"https:\/\/www.lesterresdelouise.fr\/index.php?rest_route=\/wp\/v2\/pages"}],"about":[{"href":"https:\/\/www.lesterresdelouise.fr\/index.php?rest_route=\/wp\/v2\/types\/page"}],"author":[{"embeddable":true,"href":"https:\/\/www.lesterresdelouise.fr\/index.php?rest_route=\/wp\/v2\/users\/1"}],"replies":[{"embeddable":true,"href":"https:\/\/www.lesterresdelouise.fr\/index.php?rest_route=%2Fwp%2Fv2%2Fcomments&post=7"}],"version-history":[{"count":22,"href":"https:\/\/www.lesterresdelouise.fr\/index.php?rest_route=\/wp\/v2\/pages\/7\/revisions"}],"predecessor-version":[{"id":766,"href":"https:\/\/www.lesterresdelouise.fr\/index.php?rest_route=\/wp\/v2\/pages\/7\/revisions\/766"}],"wp:attachment":[{"href":"https:\/\/www.lesterresdelouise.fr\/index.php?rest_route=%2Fwp%2Fv2%2Fmedia&parent=7"}],"curies":[{"name":"wp","href":"https:\/\/api.w.org\/{rel}","templated":true}]}}